{"id":690,"date":"2021-09-05T15:50:42","date_gmt":"2021-09-05T13:50:42","guid":{"rendered":"https:\/\/teasio.com\/?page_id=690"},"modified":"2025-11-24T15:01:55","modified_gmt":"2025-11-24T13:01:55","slug":"mobilite-interne-externe-outplacement","status":"publish","type":"page","link":"https:\/\/teasio.com\/nl\/mobilite-interne-externe-outplacement\/","title":{"rendered":"Cas Clients &#8211; Capital Homme"},"content":{"rendered":"<h2 id=\"h-capital-homme\">Capital Homme<\/h2>\n\n\n\n<p>Professionele mobiliteit<\/p>\n\n\n\n<p>ACTIVIT\u00c9 : Capital Homme est un cabinet-conseil en management et relations humaines. Par le conseil, le coaching, la m\u00e9diation et la formation, Capital Homme accompagne les entreprises et les professionnels dans le d\u00e9veloppementde leur propre, pleine et durable performance.<\/p>\n\n\n\n<p>MISSION : Prendre soin et valoriser le capital humain.<\/p>\n\n\n\n<p>&nbsp;CAS D&rsquo;UTILISATION : Mobilit\u00e9 de carri\u00e8re<\/p>\n\n\n\n<p>\u00ab\u2009Bij Capital Homme staat de mens centraal in onze zorgen. Hetzelfde geldt voor Teasio.\"\u2009\u00bb<\/p>\n\n\n\n<p>Nathalie Grillet, Capital Homme<\/p>\n\n\n\n<figure class=\"wp-block-image size-full\"><img loading=\"lazy\" width=\"464\" height=\"485\" src=\"https:\/\/teasio.com\/wp-content\/uploads\/2021\/09\/nathalie-grillet.png\" alt=\"Professionele mobiliteit \" class=\"wp-image-724\" srcset=\"https:\/\/teasio.com\/wp-content\/uploads\/2021\/09\/nathalie-grillet.png 464w, https:\/\/teasio.com\/wp-content\/uploads\/2021\/09\/nathalie-grillet-287x300.png 287w, https:\/\/teasio.com\/wp-content\/uploads\/2021\/09\/nathalie-grillet-140x146.png 140w, https:\/\/teasio.com\/wp-content\/uploads\/2021\/09\/nathalie-grillet-48x50.png 48w, https:\/\/teasio.com\/wp-content\/uploads\/2021\/09\/nathalie-grillet-72x75.png 72w\" sizes=\"(max-width: 464px) 100vw, 464px\" \/><\/figure>\n\n\n\n<h3>De uitdaging<\/h3>\n\n\n\n<p>Voor de Covid-crisis opereerde Capital Homme voor 75% ter plaatse. Het adviesbureau was al enigszins gedigitaliseerd om diensten op afstand aan te bieden. Tijdens de crisis ging Capital Homme op zoek naar een complete digitale oplossing die meer kon bieden dan alleen facilitering op afstand. Het doel was hun coaching te digitaliseren en hun klanten in staat te stellen actoren van hun eigen ontwikkeling te zijn, door meer autonomie en zelfsturing te bieden in hun transformatieproces. Daarnaast wilde Capital Homme de menselijke waarde van hun coaching behouden, ondanks het op afstand aspect.<\/p>\n\n\n\n<h3>De<br>oplossing <\/h3>\n\n\n\n<p>Teasio, als e-coachingplatform dat nabijheid bevordert, bleek snel de ideale oplossing voor Capital Homme. Het bood deze autonomie in coaching terwijl het gemakkelijk te gebruiken, intu\u00eftief en gemakkelijk te integreren was. De inhoud en methodologie\u00ebn van Capital Homme konden worden gedigitaliseerd zonder het menselijke aspect te verliezen dat het adviesbureau dierbaar was.<\/p>\n\n\n\n<h3>Het resultaat<\/h3>\n\n\n\n<p>Capital Homme heeft zijn digitale transformatie bereikt zonder zijn kernwaarden en de toegevoegde waarde voor zijn klanten te compromitteren. Dankzij Teasio vullen coaching op afstand en ter plaatse elkaar harmonieus aan en zijn de methodologie\u00ebn van Capital Homme geconsolideerd en dus versterkt.<\/p>\n\n\n\n<p>Capital Homme a optimis\u00e9 ses accompagnements en alliant tout sur un seul et m\u00eame outil. Teasio leur fait gagner du temps au quotidien gr\u00e2ce \u00e0 une gestion facilit\u00e9e de leurs coachings et une automatisation des processus. Le module questionnaire mis en place par Teasio et personnalis\u00e9 par les coachs de Capital Homme leur permet des \u00e9changes constructifs avec leurs clients et une am\u00e9lioration permanente de leurs services.<\/p>\n\n\n\n<h2>Zullen we praten?<\/h2>\n\n\n\n<p>Parlez-nous de vous et profitez d\u2019une d\u00e9mo personnalis\u00e9e par l\u2019un de nos experts pour d\u00e9couvrir notre produit. Sans aucun engagement.<br><a href=\"https:\/\/teasio.com\/nl\/contact-demo-accompagnement\/\">Vraag een demo aan<\/a><\/p>\n\n\n\n<p>Notre mission est d&rsquo;enrichir vos accompagnements en distanciel comme en pr\u00e9sentiel.<\/p>\n\n\n\n<h4>Onze Kantoren<\/h4>\n\n\n\n<p>Chauss\u00e9e de Marenne, 148<br>6900 Marche-en-Famenne<br>Belg\u00efe<\/p>\n\n\n\n<p>41 rue du Rocher<br>75008 Paris<br>Frankrijk<a href=\"https:\/\/teasio.com\/wp-content\/uploads\/2021\/09\/2021-09-07-App-And-Web-Privacy-notice-FR.pdf\" target=\"_blank\" rel=\"noreferrer noopener\">Respect de la vie priv\u00e9e<\/a><br><a href=\"https:\/\/teasio.com\/wp-content\/uploads\/2021\/09\/20210907-App-and-Web-CGU-FR.pdf\" target=\"_blank\" rel=\"noreferrer noopener\">Gebruiksvoorwaarden<\/a><a href=\"https:\/\/teasio.com\/wp-content\/uploads\/2022\/01\/AppWeb_CGV_FR.pdf\" target=\"_blank\" rel=\"noreferrer noopener\">Algemene Verkoopvoorwaarden<\/a><\/p>\n\n\n\n<h4>Neem contact met ons op<\/h4>\n\n\n\n<p><a href=\"tel: 32 478 75 49 23\">+32 (0)478 75 49 23<\/a><\/p>\n\n\n\n<h4>Volg ons<\/h4>\n\n\n\n<figure class=\"wp-block-image\"><a href=\"https:\/\/www.linkedin.com\/showcase\/teasio-coach\" target=\"_blank\" rel=\"noreferrer noopener\"><img src=\"https:\/\/teasio.com\/wp-content\/uploads\/2021\/08\/icon-linkedin@2x.png\" alt=\"\"\/><\/a><\/figure>\n\n\n\n<figure class=\"wp-block-image\"><a href=\"https:\/\/www.facebook.com\/Teasio\" target=\"_blank\" rel=\"noreferrer noopener\"><img src=\"https:\/\/teasio.com\/wp-content\/uploads\/2021\/08\/icon-facebook@2x.png\" alt=\"\"\/><\/a><\/figure>","protected":false},"excerpt":{"rendered":"<p>Capital Homme Mobilit\u00e9 de carri\u00e8re ACTIVIT\u00c9 : Capital Homme est un cabinet-conseil en management et relations humaines. Par le conseil, le coaching, la m\u00e9diation et la<span class=\"excerpt-hellip\"> [\u2026]<\/span><\/p>","protected":false},"author":1,"featured_media":0,"parent":0,"menu_order":0,"comment_status":"closed","ping_status":"closed","template":"","meta":[],"yoast_head":"<!-- This site is optimized with the Yoast SEO Premium plugin v18.4 (Yoast SEO v18.6) - https:\/\/yoast.com\/wordpress\/plugins\/seo\/ -->\n<title>Mobilit\u00e9 de carri\u00e8re - Teasio<\/title>\n<meta name=\"description\" content=\"Mobilit\u00e9 de carri\u00e8re. Teasio fait gagner du temps au quotidien gr\u00e2ce \u00e0 une gestion facilit\u00e9e et une automatisation des processus.\" \/>\n<meta name=\"robots\" content=\"index, follow, max-snippet:-1, max-image-preview:large, max-video-preview:-1\" \/>\n<link rel=\"canonical\" href=\"https:\/\/teasio.com\/nl\/mobilite-interne-externe-outplacement\/\" \/>\n<meta property=\"og:locale\" content=\"nl_NL\" \/>\n<meta property=\"og:type\" content=\"article\" \/>\n<meta property=\"og:title\" content=\"Cas Clients - Capital Homme | Si proche de vous\" \/>\n<meta property=\"og:description\" content=\"Offrez \u00e0 vos clients une exp\u00e9rience unique en distanciel comme en pr\u00e9sentiel.\" \/>\n<meta property=\"og:url\" content=\"https:\/\/teasio.com\/nl\/mobilite-interne-externe-outplacement\/\" \/>\n<meta property=\"og:site_name\" content=\"Teasio\" \/>\n<meta property=\"article:modified_time\" content=\"2025-11-24T13:01:55+00:00\" \/>\n<meta property=\"og:image\" content=\"https:\/\/teasio.com\/wp-content\/uploads\/2021\/09\/nathalie-grillet.png\" \/>\n<meta name=\"twitter:card\" content=\"summary\" \/>\n<meta name=\"twitter:label1\" content=\"Verwachte leestijd\" \/>\n\t<meta name=\"twitter:data1\" content=\"3 minuten\" \/>\n<script type=\"application\/ld+json\" class=\"yoast-schema-graph\">{\"@context\":\"https:\/\/schema.org\",\"@graph\":[{\"@type\":\"Organization\",\"@id\":\"https:\/\/teasio.com\/#organization\",\"name\":\"Teasio\",\"url\":\"https:\/\/teasio.com\/\",\"sameAs\":[\"https:\/\/www.linkedin.com\/showcase\/teasio-coach\"],\"logo\":{\"@type\":\"ImageObject\",\"@id\":\"https:\/\/teasio.com\/#logo\",\"inLanguage\":\"nl\",\"url\":\"https:\/\/teasio.com\/wp-content\/uploads\/2021\/09\/logo-teasio-dark.png\",\"contentUrl\":\"https:\/\/teasio.com\/wp-content\/uploads\/2021\/09\/logo-teasio-dark.png\",\"width\":489,\"height\":200,\"caption\":\"Teasio\"},\"image\":{\"@id\":\"https:\/\/teasio.com\/#logo\"}},{\"@type\":\"WebSite\",\"@id\":\"https:\/\/teasio.com\/#website\",\"url\":\"https:\/\/teasio.com\/\",\"name\":\"Teasio\",\"description\":\"\",\"publisher\":{\"@id\":\"https:\/\/teasio.com\/#organization\"},\"potentialAction\":[{\"@type\":\"SearchAction\",\"target\":{\"@type\":\"EntryPoint\",\"urlTemplate\":\"https:\/\/teasio.com\/?s={search_term_string}\"},\"query-input\":\"required name=search_term_string\"}],\"inLanguage\":\"nl\"},{\"@type\":\"ImageObject\",\"@id\":\"https:\/\/teasio.com\/mobilite-interne-externe-outplacement\/#primaryimage\",\"inLanguage\":\"nl\",\"url\":\"https:\/\/teasio.com\/wp-content\/uploads\/2021\/09\/nathalie-grillet.png\",\"contentUrl\":\"https:\/\/teasio.com\/wp-content\/uploads\/2021\/09\/nathalie-grillet.png\",\"width\":464,\"height\":485,\"caption\":\"Ils nous font confiance\"},{\"@type\":\"WebPage\",\"@id\":\"https:\/\/teasio.com\/mobilite-interne-externe-outplacement\/#webpage\",\"url\":\"https:\/\/teasio.com\/mobilite-interne-externe-outplacement\/\",\"name\":\"Mobilit\u00e9 de carri\u00e8re - Teasio\",\"isPartOf\":{\"@id\":\"https:\/\/teasio.com\/#website\"},\"primaryImageOfPage\":{\"@id\":\"https:\/\/teasio.com\/mobilite-interne-externe-outplacement\/#primaryimage\"},\"datePublished\":\"2021-09-05T13:50:42+00:00\",\"dateModified\":\"2025-11-24T13:01:55+00:00\",\"description\":\"Mobilit\u00e9 de carri\u00e8re. Teasio fait gagner du temps au quotidien gr\u00e2ce \u00e0 une gestion facilit\u00e9e et une automatisation des processus.\",\"breadcrumb\":{\"@id\":\"https:\/\/teasio.com\/mobilite-interne-externe-outplacement\/#breadcrumb\"},\"inLanguage\":\"nl\",\"potentialAction\":[{\"@type\":\"ReadAction\",\"target\":[\"https:\/\/teasio.com\/mobilite-interne-externe-outplacement\/\"]}]},{\"@type\":\"BreadcrumbList\",\"@id\":\"https:\/\/teasio.com\/mobilite-interne-externe-outplacement\/#breadcrumb\",\"itemListElement\":[{\"@type\":\"ListItem\",\"position\":1,\"name\":\"Accueil\",\"item\":\"https:\/\/teasio.com\/\"},{\"@type\":\"ListItem\",\"position\":2,\"name\":\"Cas Clients &#8211; Capital Homme\"}]}]}<\/script>\n<!-- \/ Yoast SEO Premium plugin. -->","yoast_head_json":{"title":"Mobilit\u00e9 de carri\u00e8re - Teasio","description":"Mobilit\u00e9 de carri\u00e8re. Teasio fait gagner du temps au quotidien gr\u00e2ce \u00e0 une gestion facilit\u00e9e et une automatisation des processus.","robots":{"index":"index","follow":"follow","max-snippet":"max-snippet:-1","max-image-preview":"max-image-preview:large","max-video-preview":"max-video-preview:-1"},"canonical":"https:\/\/teasio.com\/nl\/mobilite-interne-externe-outplacement\/","og_locale":"nl_NL","og_type":"article","og_title":"Cas Clients - Capital Homme | Si proche de vous","og_description":"Offrez \u00e0 vos clients une exp\u00e9rience unique en distanciel comme en pr\u00e9sentiel.","og_url":"https:\/\/teasio.com\/nl\/mobilite-interne-externe-outplacement\/","og_site_name":"Teasio","article_modified_time":"2025-11-24T13:01:55+00:00","og_image":[{"url":"https:\/\/teasio.com\/wp-content\/uploads\/2021\/09\/nathalie-grillet.png"}],"twitter_card":"summary","twitter_misc":{"Verwachte leestijd":"3 minuten"},"schema":{"@context":"https:\/\/schema.org","@graph":[{"@type":"Organization","@id":"https:\/\/teasio.com\/#organization","name":"Teasio","url":"https:\/\/teasio.com\/","sameAs":["https:\/\/www.linkedin.com\/showcase\/teasio-coach"],"logo":{"@type":"ImageObject","@id":"https:\/\/teasio.com\/#logo","inLanguage":"nl","url":"https:\/\/teasio.com\/wp-content\/uploads\/2021\/09\/logo-teasio-dark.png","contentUrl":"https:\/\/teasio.com\/wp-content\/uploads\/2021\/09\/logo-teasio-dark.png","width":489,"height":200,"caption":"Teasio"},"image":{"@id":"https:\/\/teasio.com\/#logo"}},{"@type":"WebSite","@id":"https:\/\/teasio.com\/#website","url":"https:\/\/teasio.com\/","name":"Teasio","description":"","publisher":{"@id":"https:\/\/teasio.com\/#organization"},"potentialAction":[{"@type":"SearchAction","target":{"@type":"EntryPoint","urlTemplate":"https:\/\/teasio.com\/?s={search_term_string}"},"query-input":"required name=search_term_string"}],"inLanguage":"nl"},{"@type":"ImageObject","@id":"https:\/\/teasio.com\/mobilite-interne-externe-outplacement\/#primaryimage","inLanguage":"nl","url":"https:\/\/teasio.com\/wp-content\/uploads\/2021\/09\/nathalie-grillet.png","contentUrl":"https:\/\/teasio.com\/wp-content\/uploads\/2021\/09\/nathalie-grillet.png","width":464,"height":485,"caption":"Ils nous font confiance"},{"@type":"WebPage","@id":"https:\/\/teasio.com\/mobilite-interne-externe-outplacement\/#webpage","url":"https:\/\/teasio.com\/mobilite-interne-externe-outplacement\/","name":"Mobilit\u00e9 de carri\u00e8re - Teasio","isPartOf":{"@id":"https:\/\/teasio.com\/#website"},"primaryImageOfPage":{"@id":"https:\/\/teasio.com\/mobilite-interne-externe-outplacement\/#primaryimage"},"datePublished":"2021-09-05T13:50:42+00:00","dateModified":"2025-11-24T13:01:55+00:00","description":"Mobilit\u00e9 de carri\u00e8re. Teasio fait gagner du temps au quotidien gr\u00e2ce \u00e0 une gestion facilit\u00e9e et une automatisation des processus.","breadcrumb":{"@id":"https:\/\/teasio.com\/mobilite-interne-externe-outplacement\/#breadcrumb"},"inLanguage":"nl","potentialAction":[{"@type":"ReadAction","target":["https:\/\/teasio.com\/mobilite-interne-externe-outplacement\/"]}]},{"@type":"BreadcrumbList","@id":"https:\/\/teasio.com\/mobilite-interne-externe-outplacement\/#breadcrumb","itemListElement":[{"@type":"ListItem","position":1,"name":"Accueil","item":"https:\/\/teasio.com\/"},{"@type":"ListItem","position":2,"name":"Cas Clients &#8211; Capital Homme"}]}]}},"_links":{"self":[{"href":"https:\/\/teasio.com\/nl\/wp-json\/wp\/v2\/pages\/690"}],"collection":[{"href":"https:\/\/teasio.com\/nl\/wp-json\/wp\/v2\/pages"}],"about":[{"href":"https:\/\/teasio.com\/nl\/wp-json\/wp\/v2\/types\/page"}],"author":[{"embeddable":true,"href":"https:\/\/teasio.com\/nl\/wp-json\/wp\/v2\/users\/1"}],"replies":[{"embeddable":true,"href":"https:\/\/teasio.com\/nl\/wp-json\/wp\/v2\/comments?post=690"}],"version-history":[{"count":5,"href":"https:\/\/teasio.com\/nl\/wp-json\/wp\/v2\/pages\/690\/revisions"}],"predecessor-version":[{"id":1022,"href":"https:\/\/teasio.com\/nl\/wp-json\/wp\/v2\/pages\/690\/revisions\/1022"}],"wp:attachment":[{"href":"https:\/\/teasio.com\/nl\/wp-json\/wp\/v2\/media?parent=690"}],"curies":[{"name":"wp","href":"https:\/\/api.w.org\/{rel}","templated":true}]}}