{"id":291,"date":"2021-08-12T17:25:48","date_gmt":"2021-08-12T15:25:48","guid":{"rendered":"https:\/\/teasio.com\/?page_id=291"},"modified":"2025-12-10T12:24:35","modified_gmt":"2025-12-10T10:24:35","slug":"outils-et-parcours-interactifs","status":"publish","type":"page","link":"https:\/\/teasio.com\/nl\/outils-et-parcours-interactifs\/","title":{"rendered":"Outils"},"content":{"rendered":"","protected":false},"excerpt":{"rendered":"","protected":false},"author":1,"featured_media":0,"parent":0,"menu_order":0,"comment_status":"closed","ping_status":"closed","template":"","meta":[],"yoast_head":"<!-- This site is optimized with the Yoast SEO Premium plugin v18.4 (Yoast SEO v18.6) - https:\/\/yoast.com\/wordpress\/plugins\/seo\/ -->\n<title>S\u00e9lectionnez vos outils pour un accompagnement interactif - Teasio<\/title>\n<meta name=\"description\" content=\"S\u00e9lectionnez vos outils pour un accompagnement interactif. Concevez le parcours id\u00e9al en distanciel ou en pr\u00e9sentiel pour vos clients.\" \/>\n<meta name=\"robots\" content=\"index, follow, max-snippet:-1, max-image-preview:large, max-video-preview:-1\" \/>\n<link rel=\"canonical\" href=\"https:\/\/teasio.com\/nl\/outils-et-parcours-interactifs\/\" \/>\n<meta property=\"og:locale\" content=\"nl_NL\" \/>\n<meta property=\"og:type\" content=\"article\" \/>\n<meta property=\"og:title\" content=\"Outils | Si proche de vous\" \/>\n<meta property=\"og:description\" content=\"Offrez \u00e0 vos clients une exp\u00e9rience unique en distanciel comme en pr\u00e9sentiel.\" \/>\n<meta property=\"og:url\" content=\"https:\/\/teasio.com\/nl\/outils-et-parcours-interactifs\/\" \/>\n<meta property=\"og:site_name\" content=\"Teasio\" \/>\n<meta property=\"article:modified_time\" content=\"2025-12-10T10:24:35+00:00\" \/>\n<meta property=\"og:image\" content=\"https:\/\/teasio.com\/wp-content\/uploads\/2021\/09\/opengraph.jpg\" \/>\n\t<meta property=\"og:image:width\" content=\"1200\" \/>\n\t<meta property=\"og:image:height\" content=\"630\" \/>\n\t<meta property=\"og:image:type\" content=\"image\/jpeg\" \/>\n<meta name=\"twitter:card\" content=\"summary\" \/>\n<script type=\"application\/ld+json\" class=\"yoast-schema-graph\">{\"@context\":\"https:\/\/schema.org\",\"@graph\":[{\"@type\":\"Organization\",\"@id\":\"https:\/\/teasio.com\/#organization\",\"name\":\"Teasio\",\"url\":\"https:\/\/teasio.com\/\",\"sameAs\":[\"https:\/\/www.linkedin.com\/showcase\/teasio-coach\"],\"logo\":{\"@type\":\"ImageObject\",\"@id\":\"https:\/\/teasio.com\/#logo\",\"inLanguage\":\"nl\",\"url\":\"https:\/\/teasio.com\/wp-content\/uploads\/2021\/09\/logo-teasio-dark.png\",\"contentUrl\":\"https:\/\/teasio.com\/wp-content\/uploads\/2021\/09\/logo-teasio-dark.png\",\"width\":489,\"height\":200,\"caption\":\"Teasio\"},\"image\":{\"@id\":\"https:\/\/teasio.com\/#logo\"}},{\"@type\":\"WebSite\",\"@id\":\"https:\/\/teasio.com\/#website\",\"url\":\"https:\/\/teasio.com\/\",\"name\":\"Teasio\",\"description\":\"\",\"publisher\":{\"@id\":\"https:\/\/teasio.com\/#organization\"},\"potentialAction\":[{\"@type\":\"SearchAction\",\"target\":{\"@type\":\"EntryPoint\",\"urlTemplate\":\"https:\/\/teasio.com\/?s={search_term_string}\"},\"query-input\":\"required name=search_term_string\"}],\"inLanguage\":\"nl\"},{\"@type\":\"WebPage\",\"@id\":\"https:\/\/teasio.com\/outils-et-parcours-interactifs\/#webpage\",\"url\":\"https:\/\/teasio.com\/outils-et-parcours-interactifs\/\",\"name\":\"S\u00e9lectionnez vos outils pour un accompagnement interactif - Teasio\",\"isPartOf\":{\"@id\":\"https:\/\/teasio.com\/#website\"},\"datePublished\":\"2021-08-12T15:25:48+00:00\",\"dateModified\":\"2025-12-10T10:24:35+00:00\",\"description\":\"S\u00e9lectionnez vos outils pour un accompagnement interactif. Concevez le parcours id\u00e9al en distanciel ou en pr\u00e9sentiel pour vos clients.\",\"breadcrumb\":{\"@id\":\"https:\/\/teasio.com\/outils-et-parcours-interactifs\/#breadcrumb\"},\"inLanguage\":\"nl\",\"potentialAction\":[{\"@type\":\"ReadAction\",\"target\":[\"https:\/\/teasio.com\/outils-et-parcours-interactifs\/\"]}]},{\"@type\":\"BreadcrumbList\",\"@id\":\"https:\/\/teasio.com\/outils-et-parcours-interactifs\/#breadcrumb\",\"itemListElement\":[{\"@type\":\"ListItem\",\"position\":1,\"name\":\"Accueil\",\"item\":\"https:\/\/teasio.com\/\"},{\"@type\":\"ListItem\",\"position\":2,\"name\":\"Outils\"}]}]}<\/script>\n<!-- \/ Yoast SEO Premium plugin. -->","yoast_head_json":{"title":"S\u00e9lectionnez vos outils pour un accompagnement interactif - Teasio","description":"S\u00e9lectionnez vos outils pour un accompagnement interactif. Concevez le parcours id\u00e9al en distanciel ou en pr\u00e9sentiel pour vos clients.","robots":{"index":"index","follow":"follow","max-snippet":"max-snippet:-1","max-image-preview":"max-image-preview:large","max-video-preview":"max-video-preview:-1"},"canonical":"https:\/\/teasio.com\/nl\/outils-et-parcours-interactifs\/","og_locale":"nl_NL","og_type":"article","og_title":"Outils | Si proche de vous","og_description":"Offrez \u00e0 vos clients une exp\u00e9rience unique en distanciel comme en pr\u00e9sentiel.","og_url":"https:\/\/teasio.com\/nl\/outils-et-parcours-interactifs\/","og_site_name":"Teasio","article_modified_time":"2025-12-10T10:24:35+00:00","og_image":[{"width":1200,"height":630,"url":"https:\/\/teasio.com\/wp-content\/uploads\/2021\/09\/opengraph.jpg","type":"image\/jpeg"}],"twitter_card":"summary","schema":{"@context":"https:\/\/schema.org","@graph":[{"@type":"Organization","@id":"https:\/\/teasio.com\/#organization","name":"Teasio","url":"https:\/\/teasio.com\/","sameAs":["https:\/\/www.linkedin.com\/showcase\/teasio-coach"],"logo":{"@type":"ImageObject","@id":"https:\/\/teasio.com\/#logo","inLanguage":"nl","url":"https:\/\/teasio.com\/wp-content\/uploads\/2021\/09\/logo-teasio-dark.png","contentUrl":"https:\/\/teasio.com\/wp-content\/uploads\/2021\/09\/logo-teasio-dark.png","width":489,"height":200,"caption":"Teasio"},"image":{"@id":"https:\/\/teasio.com\/#logo"}},{"@type":"WebSite","@id":"https:\/\/teasio.com\/#website","url":"https:\/\/teasio.com\/","name":"Teasio","description":"","publisher":{"@id":"https:\/\/teasio.com\/#organization"},"potentialAction":[{"@type":"SearchAction","target":{"@type":"EntryPoint","urlTemplate":"https:\/\/teasio.com\/?s={search_term_string}"},"query-input":"required name=search_term_string"}],"inLanguage":"nl"},{"@type":"WebPage","@id":"https:\/\/teasio.com\/outils-et-parcours-interactifs\/#webpage","url":"https:\/\/teasio.com\/outils-et-parcours-interactifs\/","name":"S\u00e9lectionnez vos outils pour un accompagnement interactif - Teasio","isPartOf":{"@id":"https:\/\/teasio.com\/#website"},"datePublished":"2021-08-12T15:25:48+00:00","dateModified":"2025-12-10T10:24:35+00:00","description":"S\u00e9lectionnez vos outils pour un accompagnement interactif. Concevez le parcours id\u00e9al en distanciel ou en pr\u00e9sentiel pour vos clients.","breadcrumb":{"@id":"https:\/\/teasio.com\/outils-et-parcours-interactifs\/#breadcrumb"},"inLanguage":"nl","potentialAction":[{"@type":"ReadAction","target":["https:\/\/teasio.com\/outils-et-parcours-interactifs\/"]}]},{"@type":"BreadcrumbList","@id":"https:\/\/teasio.com\/outils-et-parcours-interactifs\/#breadcrumb","itemListElement":[{"@type":"ListItem","position":1,"name":"Accueil","item":"https:\/\/teasio.com\/"},{"@type":"ListItem","position":2,"name":"Outils"}]}]}},"_links":{"self":[{"href":"https:\/\/teasio.com\/nl\/wp-json\/wp\/v2\/pages\/291"}],"collection":[{"href":"https:\/\/teasio.com\/nl\/wp-json\/wp\/v2\/pages"}],"about":[{"href":"https:\/\/teasio.com\/nl\/wp-json\/wp\/v2\/types\/page"}],"author":[{"embeddable":true,"href":"https:\/\/teasio.com\/nl\/wp-json\/wp\/v2\/users\/1"}],"replies":[{"embeddable":true,"href":"https:\/\/teasio.com\/nl\/wp-json\/wp\/v2\/comments?post=291"}],"version-history":[{"count":11,"href":"https:\/\/teasio.com\/nl\/wp-json\/wp\/v2\/pages\/291\/revisions"}],"predecessor-version":[{"id":1835,"href":"https:\/\/teasio.com\/nl\/wp-json\/wp\/v2\/pages\/291\/revisions\/1835"}],"wp:attachment":[{"href":"https:\/\/teasio.com\/nl\/wp-json\/wp\/v2\/media?parent=291"}],"curies":[{"name":"wp","href":"https:\/\/api.w.org\/{rel}","templated":true}]}}