{"id":373,"date":"2021-08-18T11:14:32","date_gmt":"2021-08-18T09:14:32","guid":{"rendered":"https:\/\/teasio.com\/?page_id=373"},"modified":"2025-11-24T15:35:59","modified_gmt":"2025-11-24T13:35:59","slug":"cas-clients","status":"publish","type":"page","link":"https:\/\/teasio.com\/it\/cas-clients\/","title":{"rendered":"Ils nous font confiance"},"content":{"rendered":"","protected":false},"excerpt":{"rendered":"","protected":false},"author":1,"featured_media":0,"parent":0,"menu_order":0,"comment_status":"closed","ping_status":"closed","template":"","meta":[],"yoast_head":"<!-- This site is optimized with the Yoast SEO Premium plugin v18.4 (Yoast SEO v18.6) - https:\/\/yoast.com\/wordpress\/plugins\/seo\/ -->\n<title>Il nous font confiance - Teasio<\/title>\n<meta name=\"description\" content=\"Ils nous font confiance et sont satisfaits, d\u00e9couvrez les t\u00e9moignages de nos clients \u00e0 travers les continents\" \/>\n<meta name=\"robots\" content=\"index, follow, max-snippet:-1, max-image-preview:large, max-video-preview:-1\" \/>\n<link rel=\"canonical\" href=\"https:\/\/teasio.com\/it\/cas-clients\/\" \/>\n<meta property=\"og:locale\" content=\"it_IT\" \/>\n<meta property=\"og:type\" content=\"article\" \/>\n<meta property=\"og:title\" content=\"Ils nous font confiance | Si proche de vous\" \/>\n<meta property=\"og:description\" content=\"Offrez \u00e0 vos clients une exp\u00e9rience unique en distanciel comme en pr\u00e9sentiel.\" \/>\n<meta property=\"og:url\" content=\"https:\/\/teasio.com\/it\/cas-clients\/\" \/>\n<meta property=\"og:site_name\" content=\"Teasio\" \/>\n<meta property=\"article:modified_time\" content=\"2025-11-24T13:35:59+00:00\" \/>\n<meta property=\"og:image\" content=\"https:\/\/teasio.com\/wp-content\/uploads\/2021\/09\/opengraph.jpg\" \/>\n\t<meta property=\"og:image:width\" content=\"1200\" \/>\n\t<meta property=\"og:image:height\" content=\"630\" \/>\n\t<meta property=\"og:image:type\" content=\"image\/jpeg\" \/>\n<meta name=\"twitter:card\" content=\"summary\" \/>\n<script type=\"application\/ld+json\" class=\"yoast-schema-graph\">{\"@context\":\"https:\/\/schema.org\",\"@graph\":[{\"@type\":\"Organization\",\"@id\":\"https:\/\/teasio.com\/#organization\",\"name\":\"Teasio\",\"url\":\"https:\/\/teasio.com\/\",\"sameAs\":[\"https:\/\/www.linkedin.com\/showcase\/teasio-coach\"],\"logo\":{\"@type\":\"ImageObject\",\"@id\":\"https:\/\/teasio.com\/#logo\",\"inLanguage\":\"it-IT\",\"url\":\"https:\/\/teasio.com\/wp-content\/uploads\/2021\/09\/logo-teasio-dark.png\",\"contentUrl\":\"https:\/\/teasio.com\/wp-content\/uploads\/2021\/09\/logo-teasio-dark.png\",\"width\":489,\"height\":200,\"caption\":\"Teasio\"},\"image\":{\"@id\":\"https:\/\/teasio.com\/#logo\"}},{\"@type\":\"WebSite\",\"@id\":\"https:\/\/teasio.com\/#website\",\"url\":\"https:\/\/teasio.com\/\",\"name\":\"Teasio\",\"description\":\"\",\"publisher\":{\"@id\":\"https:\/\/teasio.com\/#organization\"},\"potentialAction\":[{\"@type\":\"SearchAction\",\"target\":{\"@type\":\"EntryPoint\",\"urlTemplate\":\"https:\/\/teasio.com\/?s={search_term_string}\"},\"query-input\":\"required name=search_term_string\"}],\"inLanguage\":\"it-IT\"},{\"@type\":\"WebPage\",\"@id\":\"https:\/\/teasio.com\/cas-clients\/#webpage\",\"url\":\"https:\/\/teasio.com\/cas-clients\/\",\"name\":\"Il nous font confiance - Teasio\",\"isPartOf\":{\"@id\":\"https:\/\/teasio.com\/#website\"},\"datePublished\":\"2021-08-18T09:14:32+00:00\",\"dateModified\":\"2025-11-24T13:35:59+00:00\",\"description\":\"Ils nous font confiance et sont satisfaits, d\u00e9couvrez les t\u00e9moignages de nos clients \u00e0 travers les continents\",\"breadcrumb\":{\"@id\":\"https:\/\/teasio.com\/cas-clients\/#breadcrumb\"},\"inLanguage\":\"it-IT\",\"potentialAction\":[{\"@type\":\"ReadAction\",\"target\":[\"https:\/\/teasio.com\/cas-clients\/\"]}]},{\"@type\":\"BreadcrumbList\",\"@id\":\"https:\/\/teasio.com\/cas-clients\/#breadcrumb\",\"itemListElement\":[{\"@type\":\"ListItem\",\"position\":1,\"name\":\"Accueil\",\"item\":\"https:\/\/teasio.com\/\"},{\"@type\":\"ListItem\",\"position\":2,\"name\":\"Ils nous font confiance\"}]}]}<\/script>\n<!-- \/ Yoast SEO Premium plugin. -->","yoast_head_json":{"title":"Il nous font confiance - Teasio","description":"Ils nous font confiance et sont satisfaits, d\u00e9couvrez les t\u00e9moignages de nos clients \u00e0 travers les continents","robots":{"index":"index","follow":"follow","max-snippet":"max-snippet:-1","max-image-preview":"max-image-preview:large","max-video-preview":"max-video-preview:-1"},"canonical":"https:\/\/teasio.com\/it\/cas-clients\/","og_locale":"it_IT","og_type":"article","og_title":"Ils nous font confiance | Si proche de vous","og_description":"Offrez \u00e0 vos clients une exp\u00e9rience unique en distanciel comme en pr\u00e9sentiel.","og_url":"https:\/\/teasio.com\/it\/cas-clients\/","og_site_name":"Teasio","article_modified_time":"2025-11-24T13:35:59+00:00","og_image":[{"width":1200,"height":630,"url":"https:\/\/teasio.com\/wp-content\/uploads\/2021\/09\/opengraph.jpg","type":"image\/jpeg"}],"twitter_card":"summary","schema":{"@context":"https:\/\/schema.org","@graph":[{"@type":"Organization","@id":"https:\/\/teasio.com\/#organization","name":"Teasio","url":"https:\/\/teasio.com\/","sameAs":["https:\/\/www.linkedin.com\/showcase\/teasio-coach"],"logo":{"@type":"ImageObject","@id":"https:\/\/teasio.com\/#logo","inLanguage":"it-IT","url":"https:\/\/teasio.com\/wp-content\/uploads\/2021\/09\/logo-teasio-dark.png","contentUrl":"https:\/\/teasio.com\/wp-content\/uploads\/2021\/09\/logo-teasio-dark.png","width":489,"height":200,"caption":"Teasio"},"image":{"@id":"https:\/\/teasio.com\/#logo"}},{"@type":"WebSite","@id":"https:\/\/teasio.com\/#website","url":"https:\/\/teasio.com\/","name":"Teasio","description":"","publisher":{"@id":"https:\/\/teasio.com\/#organization"},"potentialAction":[{"@type":"SearchAction","target":{"@type":"EntryPoint","urlTemplate":"https:\/\/teasio.com\/?s={search_term_string}"},"query-input":"required name=search_term_string"}],"inLanguage":"it-IT"},{"@type":"WebPage","@id":"https:\/\/teasio.com\/cas-clients\/#webpage","url":"https:\/\/teasio.com\/cas-clients\/","name":"Il nous font confiance - Teasio","isPartOf":{"@id":"https:\/\/teasio.com\/#website"},"datePublished":"2021-08-18T09:14:32+00:00","dateModified":"2025-11-24T13:35:59+00:00","description":"Ils nous font confiance et sont satisfaits, d\u00e9couvrez les t\u00e9moignages de nos clients \u00e0 travers les continents","breadcrumb":{"@id":"https:\/\/teasio.com\/cas-clients\/#breadcrumb"},"inLanguage":"it-IT","potentialAction":[{"@type":"ReadAction","target":["https:\/\/teasio.com\/cas-clients\/"]}]},{"@type":"BreadcrumbList","@id":"https:\/\/teasio.com\/cas-clients\/#breadcrumb","itemListElement":[{"@type":"ListItem","position":1,"name":"Accueil","item":"https:\/\/teasio.com\/"},{"@type":"ListItem","position":2,"name":"Ils nous font confiance"}]}]}},"_links":{"self":[{"href":"https:\/\/teasio.com\/it\/wp-json\/wp\/v2\/pages\/373"}],"collection":[{"href":"https:\/\/teasio.com\/it\/wp-json\/wp\/v2\/pages"}],"about":[{"href":"https:\/\/teasio.com\/it\/wp-json\/wp\/v2\/types\/page"}],"author":[{"embeddable":true,"href":"https:\/\/teasio.com\/it\/wp-json\/wp\/v2\/users\/1"}],"replies":[{"embeddable":true,"href":"https:\/\/teasio.com\/it\/wp-json\/wp\/v2\/comments?post=373"}],"version-history":[{"count":9,"href":"https:\/\/teasio.com\/it\/wp-json\/wp\/v2\/pages\/373\/revisions"}],"predecessor-version":[{"id":1836,"href":"https:\/\/teasio.com\/it\/wp-json\/wp\/v2\/pages\/373\/revisions\/1836"}],"wp:attachment":[{"href":"https:\/\/teasio.com\/it\/wp-json\/wp\/v2\/media?parent=373"}],"curies":[{"name":"wp","href":"https:\/\/api.w.org\/{rel}","templated":true}]}}