{"id":268,"date":"2021-08-10T11:16:50","date_gmt":"2021-08-10T09:16:50","guid":{"rendered":"https:\/\/teasio.com\/?page_id=268"},"modified":"2026-03-30T09:19:58","modified_gmt":"2026-03-30T07:19:58","slug":"la-plateforme-daccompagnement-et-de-coaching","status":"publish","type":"page","link":"https:\/\/teasio.com\/it\/","title":{"rendered":"Teasio &#8211; La plateforme d\u2019e-coaching"},"content":{"rendered":"<p><\/p>\n\n\n\n<p><\/p>\n\n\n\n<p><\/p>","protected":false},"excerpt":{"rendered":"","protected":false},"author":1,"featured_media":761,"parent":0,"menu_order":0,"comment_status":"closed","ping_status":"closed","template":"","meta":[],"yoast_head":"<!-- This site is optimized with the Yoast SEO Premium plugin v18.4 (Yoast SEO v18.6) - https:\/\/yoast.com\/wordpress\/plugins\/seo\/ -->\n<title>Teasio, la plateforme des professionnels de l\u2019accompagnement<\/title>\n<meta name=\"description\" content=\"La plateforme d\u2019accompagnement et d&#039;e-coaching aide vos clients gr\u00e2ce \u00e0 des parcours d\u2019accompagnement interactifs cr\u00e9\u00e9s sur mesure.\" \/>\n<meta name=\"robots\" content=\"index, follow, max-snippet:-1, max-image-preview:large, max-video-preview:-1\" \/>\n<link rel=\"canonical\" href=\"https:\/\/teasio.com\/it\/\" \/>\n<meta property=\"og:locale\" content=\"it_IT\" \/>\n<meta property=\"og:type\" content=\"article\" \/>\n<meta property=\"og:title\" content=\"Teasio - La plateforme d\u2019e-coaching | Si proche de vous\" \/>\n<meta property=\"og:description\" content=\"Offrez \u00e0 vos clients une exp\u00e9rience unique en distanciel comme en pr\u00e9sentiel.\" \/>\n<meta property=\"og:url\" content=\"https:\/\/teasio.com\/it\/\" \/>\n<meta property=\"og:site_name\" content=\"Teasio\" \/>\n<meta property=\"article:modified_time\" content=\"2026-03-30T07:19:58+00:00\" \/>\n<meta property=\"og:image\" content=\"https:\/\/teasio.com\/wp-content\/uploads\/2021\/09\/opengraph.jpg\" \/>\n\t<meta property=\"og:image:width\" content=\"1200\" \/>\n\t<meta property=\"og:image:height\" content=\"630\" \/>\n\t<meta property=\"og:image:type\" content=\"image\/jpeg\" \/>\n<meta name=\"twitter:card\" content=\"summary\" \/>\n<meta name=\"twitter:image\" content=\"https:\/\/teasio.com\/wp-content\/uploads\/2021\/09\/opengraph.jpg\" \/>\n<script type=\"application\/ld+json\" class=\"yoast-schema-graph\">{\"@context\":\"https:\/\/schema.org\",\"@graph\":[{\"@type\":\"Organization\",\"@id\":\"https:\/\/teasio.com\/#organization\",\"name\":\"Teasio\",\"url\":\"https:\/\/teasio.com\/\",\"sameAs\":[\"https:\/\/www.linkedin.com\/showcase\/teasio-coach\"],\"logo\":{\"@type\":\"ImageObject\",\"@id\":\"https:\/\/teasio.com\/#logo\",\"inLanguage\":\"it-IT\",\"url\":\"https:\/\/teasio.com\/wp-content\/uploads\/2021\/09\/logo-teasio-dark.png\",\"contentUrl\":\"https:\/\/teasio.com\/wp-content\/uploads\/2021\/09\/logo-teasio-dark.png\",\"width\":489,\"height\":200,\"caption\":\"Teasio\"},\"image\":{\"@id\":\"https:\/\/teasio.com\/#logo\"}},{\"@type\":\"WebSite\",\"@id\":\"https:\/\/teasio.com\/#website\",\"url\":\"https:\/\/teasio.com\/\",\"name\":\"Teasio\",\"description\":\"\",\"publisher\":{\"@id\":\"https:\/\/teasio.com\/#organization\"},\"potentialAction\":[{\"@type\":\"SearchAction\",\"target\":{\"@type\":\"EntryPoint\",\"urlTemplate\":\"https:\/\/teasio.com\/?s={search_term_string}\"},\"query-input\":\"required name=search_term_string\"}],\"inLanguage\":\"it-IT\"},{\"@type\":\"ImageObject\",\"@id\":\"https:\/\/teasio.com\/#primaryimage\",\"inLanguage\":\"it-IT\",\"url\":\"https:\/\/teasio.com\/wp-content\/uploads\/2021\/09\/opengraph.jpg\",\"contentUrl\":\"https:\/\/teasio.com\/wp-content\/uploads\/2021\/09\/opengraph.jpg\",\"width\":1200,\"height\":630,\"caption\":\"Ils nous font confiance\"},{\"@type\":\"WebPage\",\"@id\":\"https:\/\/teasio.com\/#webpage\",\"url\":\"https:\/\/teasio.com\/\",\"name\":\"Teasio, la plateforme des professionnels de l\u2019accompagnement\",\"isPartOf\":{\"@id\":\"https:\/\/teasio.com\/#website\"},\"primaryImageOfPage\":{\"@id\":\"https:\/\/teasio.com\/#primaryimage\"},\"datePublished\":\"2021-08-10T09:16:50+00:00\",\"dateModified\":\"2026-03-30T07:19:58+00:00\",\"description\":\"La plateforme d\u2019accompagnement et d'e-coaching aide vos clients gr\u00e2ce \u00e0 des parcours d\u2019accompagnement interactifs cr\u00e9\u00e9s sur mesure.\",\"breadcrumb\":{\"@id\":\"https:\/\/teasio.com\/#breadcrumb\"},\"inLanguage\":\"it-IT\",\"potentialAction\":[{\"@type\":\"ReadAction\",\"target\":[\"https:\/\/teasio.com\/\"]}]},{\"@type\":\"BreadcrumbList\",\"@id\":\"https:\/\/teasio.com\/#breadcrumb\",\"itemListElement\":[{\"@type\":\"ListItem\",\"position\":1,\"name\":\"Accueil\",\"item\":\"https:\/\/teasio.com\/\"},{\"@type\":\"ListItem\",\"position\":2,\"name\":\"Teasio &#8211; La plateforme d\u2019e-coaching\"}]}]}<\/script>\n<!-- \/ Yoast SEO Premium plugin. -->","yoast_head_json":{"title":"Teasio, la plateforme des professionnels de l\u2019accompagnement","description":"La plateforme d\u2019accompagnement et d'e-coaching aide vos clients gr\u00e2ce \u00e0 des parcours d\u2019accompagnement interactifs cr\u00e9\u00e9s sur mesure.","robots":{"index":"index","follow":"follow","max-snippet":"max-snippet:-1","max-image-preview":"max-image-preview:large","max-video-preview":"max-video-preview:-1"},"canonical":"https:\/\/teasio.com\/it\/","og_locale":"it_IT","og_type":"article","og_title":"Teasio - La plateforme d\u2019e-coaching | Si proche de vous","og_description":"Offrez \u00e0 vos clients une exp\u00e9rience unique en distanciel comme en pr\u00e9sentiel.","og_url":"https:\/\/teasio.com\/it\/","og_site_name":"Teasio","article_modified_time":"2026-03-30T07:19:58+00:00","og_image":[{"width":1200,"height":630,"url":"https:\/\/teasio.com\/wp-content\/uploads\/2021\/09\/opengraph.jpg","type":"image\/jpeg"}],"twitter_card":"summary","twitter_image":"https:\/\/teasio.com\/wp-content\/uploads\/2021\/09\/opengraph.jpg","schema":{"@context":"https:\/\/schema.org","@graph":[{"@type":"Organization","@id":"https:\/\/teasio.com\/#organization","name":"Teasio","url":"https:\/\/teasio.com\/","sameAs":["https:\/\/www.linkedin.com\/showcase\/teasio-coach"],"logo":{"@type":"ImageObject","@id":"https:\/\/teasio.com\/#logo","inLanguage":"it-IT","url":"https:\/\/teasio.com\/wp-content\/uploads\/2021\/09\/logo-teasio-dark.png","contentUrl":"https:\/\/teasio.com\/wp-content\/uploads\/2021\/09\/logo-teasio-dark.png","width":489,"height":200,"caption":"Teasio"},"image":{"@id":"https:\/\/teasio.com\/#logo"}},{"@type":"WebSite","@id":"https:\/\/teasio.com\/#website","url":"https:\/\/teasio.com\/","name":"Teasio","description":"","publisher":{"@id":"https:\/\/teasio.com\/#organization"},"potentialAction":[{"@type":"SearchAction","target":{"@type":"EntryPoint","urlTemplate":"https:\/\/teasio.com\/?s={search_term_string}"},"query-input":"required name=search_term_string"}],"inLanguage":"it-IT"},{"@type":"ImageObject","@id":"https:\/\/teasio.com\/#primaryimage","inLanguage":"it-IT","url":"https:\/\/teasio.com\/wp-content\/uploads\/2021\/09\/opengraph.jpg","contentUrl":"https:\/\/teasio.com\/wp-content\/uploads\/2021\/09\/opengraph.jpg","width":1200,"height":630,"caption":"Ils nous font confiance"},{"@type":"WebPage","@id":"https:\/\/teasio.com\/#webpage","url":"https:\/\/teasio.com\/","name":"Teasio, la plateforme des professionnels de l\u2019accompagnement","isPartOf":{"@id":"https:\/\/teasio.com\/#website"},"primaryImageOfPage":{"@id":"https:\/\/teasio.com\/#primaryimage"},"datePublished":"2021-08-10T09:16:50+00:00","dateModified":"2026-03-30T07:19:58+00:00","description":"La plateforme d\u2019accompagnement et d'e-coaching aide vos clients gr\u00e2ce \u00e0 des parcours d\u2019accompagnement interactifs cr\u00e9\u00e9s sur mesure.","breadcrumb":{"@id":"https:\/\/teasio.com\/#breadcrumb"},"inLanguage":"it-IT","potentialAction":[{"@type":"ReadAction","target":["https:\/\/teasio.com\/"]}]},{"@type":"BreadcrumbList","@id":"https:\/\/teasio.com\/#breadcrumb","itemListElement":[{"@type":"ListItem","position":1,"name":"Accueil","item":"https:\/\/teasio.com\/"},{"@type":"ListItem","position":2,"name":"Teasio &#8211; La plateforme d\u2019e-coaching"}]}]}},"_links":{"self":[{"href":"https:\/\/teasio.com\/it\/wp-json\/wp\/v2\/pages\/268"}],"collection":[{"href":"https:\/\/teasio.com\/it\/wp-json\/wp\/v2\/pages"}],"about":[{"href":"https:\/\/teasio.com\/it\/wp-json\/wp\/v2\/types\/page"}],"author":[{"embeddable":true,"href":"https:\/\/teasio.com\/it\/wp-json\/wp\/v2\/users\/1"}],"replies":[{"embeddable":true,"href":"https:\/\/teasio.com\/it\/wp-json\/wp\/v2\/comments?post=268"}],"version-history":[{"count":22,"href":"https:\/\/teasio.com\/it\/wp-json\/wp\/v2\/pages\/268\/revisions"}],"predecessor-version":[{"id":1814,"href":"https:\/\/teasio.com\/it\/wp-json\/wp\/v2\/pages\/268\/revisions\/1814"}],"wp:featuredmedia":[{"embeddable":true,"href":"https:\/\/teasio.com\/it\/wp-json\/wp\/v2\/media\/761"}],"wp:attachment":[{"href":"https:\/\/teasio.com\/it\/wp-json\/wp\/v2\/media?parent=268"}],"curies":[{"name":"wp","href":"https:\/\/api.w.org\/{rel}","templated":true}]}}