{"id":1521,"date":"2025-07-22T11:52:03","date_gmt":"2025-07-22T09:52:03","guid":{"rendered":"https:\/\/teasio.com\/?page_id=1521"},"modified":"2025-12-10T12:26:38","modified_gmt":"2025-12-10T10:26:38","slug":"accompagnement-incubateurs","status":"publish","type":"page","link":"https:\/\/teasio.com\/it\/accompagnement-incubateurs\/","title":{"rendered":"Incubatori"},"content":{"rendered":"","protected":false},"excerpt":{"rendered":"","protected":false},"author":1,"featured_media":1526,"parent":0,"menu_order":0,"comment_status":"closed","ping_status":"closed","template":"","meta":[],"yoast_head":"<!-- This site is optimized with the Yoast SEO Premium plugin v18.4 (Yoast SEO v18.6) - https:\/\/yoast.com\/wordpress\/plugins\/seo\/ -->\n<title>Teasio pour incubateurs \u2013 Structurez et suivez vos accompagnements<\/title>\n<meta name=\"description\" content=\"Optimisez l\u2019accompagnement de vos incub\u00e9s avec Teasio : une plateforme pens\u00e9e pour les incubateurs, du suivi individualis\u00e9 \u00e0 la valorisation des parcours.\" \/>\n<meta name=\"robots\" content=\"index, follow, max-snippet:-1, max-image-preview:large, max-video-preview:-1\" \/>\n<link rel=\"canonical\" href=\"https:\/\/teasio.com\/it\/accompagnement-incubateurs\/\" \/>\n<meta property=\"og:locale\" content=\"it_IT\" \/>\n<meta property=\"og:type\" content=\"article\" \/>\n<meta property=\"og:title\" content=\"Teasio \u2013 La plateforme pens\u00e9e pour les incubateurs\" \/>\n<meta property=\"og:description\" content=\"Accompagnez vos incub\u00e9s avec efficacit\u00e9. Teasio vous aide \u00e0 structurer les parcours, suivre les projets, valoriser les r\u00e9sultats et gagner du temps au quotidien.\" \/>\n<meta property=\"og:url\" content=\"https:\/\/teasio.com\/it\/accompagnement-incubateurs\/\" \/>\n<meta property=\"og:site_name\" content=\"Teasio\" \/>\n<meta property=\"article:modified_time\" content=\"2025-12-10T10:26:38+00:00\" \/>\n<meta property=\"og:image\" content=\"https:\/\/teasio.com\/wp-content\/uploads\/2025\/07\/incubateurs-hero-scaled.jpg\" \/>\n\t<meta property=\"og:image:width\" content=\"2560\" \/>\n\t<meta property=\"og:image:height\" content=\"1043\" \/>\n\t<meta property=\"og:image:type\" content=\"image\/jpeg\" \/>\n<meta name=\"twitter:card\" content=\"summary\" \/>\n<meta name=\"twitter:title\" content=\"Teasio pour incubateurs \u2013 Gagnez en efficacit\u00e9 dans vos accompagnements\" \/>\n<meta name=\"twitter:description\" content=\"Offrez \u00e0 vos clients une exp\u00e9rience unique en distanciel comme en pr\u00e9sentiel. Centralisez vos parcours, automatisez vos suivis, valorisez vos r\u00e9sultats. Teasio accompagne les incubateurs dans leur mission, simplement.\" \/>\n<script type=\"application\/ld+json\" class=\"yoast-schema-graph\">{\"@context\":\"https:\/\/schema.org\",\"@graph\":[{\"@type\":\"Organization\",\"@id\":\"https:\/\/teasio.com\/#organization\",\"name\":\"Teasio\",\"url\":\"https:\/\/teasio.com\/\",\"sameAs\":[\"https:\/\/www.linkedin.com\/showcase\/teasio-coach\"],\"logo\":{\"@type\":\"ImageObject\",\"@id\":\"https:\/\/teasio.com\/#logo\",\"inLanguage\":\"it-IT\",\"url\":\"https:\/\/teasio.com\/wp-content\/uploads\/2021\/09\/logo-teasio-dark.png\",\"contentUrl\":\"https:\/\/teasio.com\/wp-content\/uploads\/2021\/09\/logo-teasio-dark.png\",\"width\":489,\"height\":200,\"caption\":\"Teasio\"},\"image\":{\"@id\":\"https:\/\/teasio.com\/#logo\"}},{\"@type\":\"WebSite\",\"@id\":\"https:\/\/teasio.com\/#website\",\"url\":\"https:\/\/teasio.com\/\",\"name\":\"Teasio\",\"description\":\"\",\"publisher\":{\"@id\":\"https:\/\/teasio.com\/#organization\"},\"potentialAction\":[{\"@type\":\"SearchAction\",\"target\":{\"@type\":\"EntryPoint\",\"urlTemplate\":\"https:\/\/teasio.com\/?s={search_term_string}\"},\"query-input\":\"required name=search_term_string\"}],\"inLanguage\":\"it-IT\"},{\"@type\":\"ImageObject\",\"@id\":\"https:\/\/teasio.com\/accompagnement-incubateurs\/#primaryimage\",\"inLanguage\":\"it-IT\",\"url\":\"https:\/\/teasio.com\/wp-content\/uploads\/2025\/07\/incubateurs-hero-scaled.jpg\",\"contentUrl\":\"https:\/\/teasio.com\/wp-content\/uploads\/2025\/07\/incubateurs-hero-scaled.jpg\",\"width\":2560,\"height\":1043,\"caption\":\"Porteurs de projet accompagn\u00e9s par un incubateur\"},{\"@type\":\"WebPage\",\"@id\":\"https:\/\/teasio.com\/accompagnement-incubateurs\/#webpage\",\"url\":\"https:\/\/teasio.com\/accompagnement-incubateurs\/\",\"name\":\"Teasio pour incubateurs \u2013 Structurez et suivez vos accompagnements\",\"isPartOf\":{\"@id\":\"https:\/\/teasio.com\/#website\"},\"primaryImageOfPage\":{\"@id\":\"https:\/\/teasio.com\/accompagnement-incubateurs\/#primaryimage\"},\"datePublished\":\"2025-07-22T09:52:03+00:00\",\"dateModified\":\"2025-12-10T10:26:38+00:00\",\"description\":\"Optimisez l\u2019accompagnement de vos incub\u00e9s avec Teasio : une plateforme pens\u00e9e pour les incubateurs, du suivi individualis\u00e9 \u00e0 la valorisation des parcours.\",\"breadcrumb\":{\"@id\":\"https:\/\/teasio.com\/accompagnement-incubateurs\/#breadcrumb\"},\"inLanguage\":\"it-IT\",\"potentialAction\":[{\"@type\":\"ReadAction\",\"target\":[\"https:\/\/teasio.com\/accompagnement-incubateurs\/\"]}]},{\"@type\":\"BreadcrumbList\",\"@id\":\"https:\/\/teasio.com\/accompagnement-incubateurs\/#breadcrumb\",\"itemListElement\":[{\"@type\":\"ListItem\",\"position\":1,\"name\":\"Accueil\",\"item\":\"https:\/\/teasio.com\/\"},{\"@type\":\"ListItem\",\"position\":2,\"name\":\"Incubateurs\"}]}]}<\/script>\n<!-- \/ Yoast SEO Premium plugin. -->","yoast_head_json":{"title":"Teasio pour incubateurs \u2013 Structurez et suivez vos accompagnements","description":"Optimisez l\u2019accompagnement de vos incub\u00e9s avec Teasio : une plateforme pens\u00e9e pour les incubateurs, du suivi individualis\u00e9 \u00e0 la valorisation des parcours.","robots":{"index":"index","follow":"follow","max-snippet":"max-snippet:-1","max-image-preview":"max-image-preview:large","max-video-preview":"max-video-preview:-1"},"canonical":"https:\/\/teasio.com\/it\/accompagnement-incubateurs\/","og_locale":"it_IT","og_type":"article","og_title":"Teasio \u2013 La plateforme pens\u00e9e pour les incubateurs","og_description":"Accompagnez vos incub\u00e9s avec efficacit\u00e9. Teasio vous aide \u00e0 structurer les parcours, suivre les projets, valoriser les r\u00e9sultats et gagner du temps au quotidien.","og_url":"https:\/\/teasio.com\/it\/accompagnement-incubateurs\/","og_site_name":"Teasio","article_modified_time":"2025-12-10T10:26:38+00:00","og_image":[{"width":2560,"height":1043,"url":"https:\/\/teasio.com\/wp-content\/uploads\/2025\/07\/incubateurs-hero-scaled.jpg","type":"image\/jpeg"}],"twitter_card":"summary","twitter_title":"Teasio pour incubateurs \u2013 Gagnez en efficacit\u00e9 dans vos accompagnements","twitter_description":"Offrez \u00e0 vos clients une exp\u00e9rience unique en distanciel comme en pr\u00e9sentiel. Centralisez vos parcours, automatisez vos suivis, valorisez vos r\u00e9sultats. Teasio accompagne les incubateurs dans leur mission, simplement.","schema":{"@context":"https:\/\/schema.org","@graph":[{"@type":"Organization","@id":"https:\/\/teasio.com\/#organization","name":"Teasio","url":"https:\/\/teasio.com\/","sameAs":["https:\/\/www.linkedin.com\/showcase\/teasio-coach"],"logo":{"@type":"ImageObject","@id":"https:\/\/teasio.com\/#logo","inLanguage":"it-IT","url":"https:\/\/teasio.com\/wp-content\/uploads\/2021\/09\/logo-teasio-dark.png","contentUrl":"https:\/\/teasio.com\/wp-content\/uploads\/2021\/09\/logo-teasio-dark.png","width":489,"height":200,"caption":"Teasio"},"image":{"@id":"https:\/\/teasio.com\/#logo"}},{"@type":"WebSite","@id":"https:\/\/teasio.com\/#website","url":"https:\/\/teasio.com\/","name":"Teasio","description":"","publisher":{"@id":"https:\/\/teasio.com\/#organization"},"potentialAction":[{"@type":"SearchAction","target":{"@type":"EntryPoint","urlTemplate":"https:\/\/teasio.com\/?s={search_term_string}"},"query-input":"required name=search_term_string"}],"inLanguage":"it-IT"},{"@type":"ImageObject","@id":"https:\/\/teasio.com\/accompagnement-incubateurs\/#primaryimage","inLanguage":"it-IT","url":"https:\/\/teasio.com\/wp-content\/uploads\/2025\/07\/incubateurs-hero-scaled.jpg","contentUrl":"https:\/\/teasio.com\/wp-content\/uploads\/2025\/07\/incubateurs-hero-scaled.jpg","width":2560,"height":1043,"caption":"Porteurs de projet accompagn\u00e9s par un incubateur"},{"@type":"WebPage","@id":"https:\/\/teasio.com\/accompagnement-incubateurs\/#webpage","url":"https:\/\/teasio.com\/accompagnement-incubateurs\/","name":"Teasio pour incubateurs \u2013 Structurez et suivez vos accompagnements","isPartOf":{"@id":"https:\/\/teasio.com\/#website"},"primaryImageOfPage":{"@id":"https:\/\/teasio.com\/accompagnement-incubateurs\/#primaryimage"},"datePublished":"2025-07-22T09:52:03+00:00","dateModified":"2025-12-10T10:26:38+00:00","description":"Optimisez l\u2019accompagnement de vos incub\u00e9s avec Teasio : une plateforme pens\u00e9e pour les incubateurs, du suivi individualis\u00e9 \u00e0 la valorisation des parcours.","breadcrumb":{"@id":"https:\/\/teasio.com\/accompagnement-incubateurs\/#breadcrumb"},"inLanguage":"it-IT","potentialAction":[{"@type":"ReadAction","target":["https:\/\/teasio.com\/accompagnement-incubateurs\/"]}]},{"@type":"BreadcrumbList","@id":"https:\/\/teasio.com\/accompagnement-incubateurs\/#breadcrumb","itemListElement":[{"@type":"ListItem","position":1,"name":"Accueil","item":"https:\/\/teasio.com\/"},{"@type":"ListItem","position":2,"name":"Incubateurs"}]}]}},"_links":{"self":[{"href":"https:\/\/teasio.com\/it\/wp-json\/wp\/v2\/pages\/1521"}],"collection":[{"href":"https:\/\/teasio.com\/it\/wp-json\/wp\/v2\/pages"}],"about":[{"href":"https:\/\/teasio.com\/it\/wp-json\/wp\/v2\/types\/page"}],"author":[{"embeddable":true,"href":"https:\/\/teasio.com\/it\/wp-json\/wp\/v2\/users\/1"}],"replies":[{"embeddable":true,"href":"https:\/\/teasio.com\/it\/wp-json\/wp\/v2\/comments?post=1521"}],"version-history":[{"count":2,"href":"https:\/\/teasio.com\/it\/wp-json\/wp\/v2\/pages\/1521\/revisions"}],"predecessor-version":[{"id":1524,"href":"https:\/\/teasio.com\/it\/wp-json\/wp\/v2\/pages\/1521\/revisions\/1524"}],"wp:featuredmedia":[{"embeddable":true,"href":"https:\/\/teasio.com\/it\/wp-json\/wp\/v2\/media\/1526"}],"wp:attachment":[{"href":"https:\/\/teasio.com\/it\/wp-json\/wp\/v2\/media?parent=1521"}],"curies":[{"name":"wp","href":"https:\/\/api.w.org\/{rel}","templated":true}]}}