{"id":953,"date":"2022-05-23T15:13:04","date_gmt":"2022-05-23T13:13:04","guid":{"rendered":"https:\/\/teasio.com\/?page_id=953"},"modified":"2025-11-24T15:02:12","modified_gmt":"2025-11-24T13:02:12","slug":"aide-exportation-entrepreneurs","status":"publish","type":"page","link":"https:\/\/teasio.com\/es\/aide-exportation-entrepreneurs\/","title":{"rendered":"Cas Clients &#8211; Owin"},"content":{"rendered":"","protected":false},"excerpt":{"rendered":"","protected":false},"author":1,"featured_media":967,"parent":0,"menu_order":0,"comment_status":"closed","ping_status":"closed","template":"","meta":[],"yoast_head":"<!-- This site is optimized with the Yoast SEO Premium plugin v18.4 (Yoast SEO v18.6) - https:\/\/yoast.com\/wordpress\/plugins\/seo\/ -->\n<title>Aide \u00e0 l\u2019exportation des entrepreneurs - Teasio<\/title>\n<meta name=\"description\" content=\"Plateforme de collaboration pour faciliter la communication entre ses diff\u00e9rents acteurs et la gestion des missions, que celles-ci se passent en Belgique, en Australie, aux \u00c9tats-Unis ou en Chine.\" \/>\n<meta name=\"robots\" content=\"index, follow, max-snippet:-1, max-image-preview:large, max-video-preview:-1\" \/>\n<link rel=\"canonical\" href=\"https:\/\/teasio.com\/es\/aide-exportation-entrepreneurs\/\" \/>\n<meta property=\"og:locale\" content=\"es_ES\" \/>\n<meta property=\"og:type\" content=\"article\" \/>\n<meta property=\"og:title\" content=\"Cas Clients - Owin | Aide \u00e0 l\u2019exportation des entrepreneurs\" \/>\n<meta property=\"og:description\" content=\"Teasio permet d&#039;optimiser la gestion et le suivi de ses clients, deses partenaires et de ses projets \u00e0 l\u2019international\" \/>\n<meta property=\"og:url\" content=\"https:\/\/teasio.com\/es\/aide-exportation-entrepreneurs\/\" \/>\n<meta property=\"og:site_name\" content=\"Teasio\" \/>\n<meta property=\"article:modified_time\" content=\"2025-11-24T13:02:12+00:00\" \/>\n<meta property=\"og:image\" content=\"https:\/\/teasio.com\/wp-content\/uploads\/2022\/05\/owin-header.jpg\" \/>\n\t<meta property=\"og:image:width\" content=\"2000\" \/>\n\t<meta property=\"og:image:height\" content=\"701\" \/>\n\t<meta property=\"og:image:type\" content=\"image\/jpeg\" \/>\n<meta name=\"twitter:card\" content=\"summary\" \/>\n<meta name=\"twitter:title\" content=\"Cas Clients - Owin | Aide \u00e0 l\u2019exportation des entrepreneurs\" \/>\n<meta name=\"twitter:description\" content=\"Offrez \u00e0 vos clients une exp\u00e9rience unique en distanciel comme en pr\u00e9sentiel.Teasio permet d&#039;optimiser la gestion et le suivi de ses clients, deses partenaires et de ses projets \u00e0 l\u2019international\" \/>\n<script type=\"application\/ld+json\" class=\"yoast-schema-graph\">{\"@context\":\"https:\/\/schema.org\",\"@graph\":[{\"@type\":\"Organization\",\"@id\":\"https:\/\/teasio.com\/#organization\",\"name\":\"Teasio\",\"url\":\"https:\/\/teasio.com\/\",\"sameAs\":[\"https:\/\/www.linkedin.com\/showcase\/teasio-coach\"],\"logo\":{\"@type\":\"ImageObject\",\"@id\":\"https:\/\/teasio.com\/#logo\",\"inLanguage\":\"es\",\"url\":\"https:\/\/teasio.com\/wp-content\/uploads\/2021\/09\/logo-teasio-dark.png\",\"contentUrl\":\"https:\/\/teasio.com\/wp-content\/uploads\/2021\/09\/logo-teasio-dark.png\",\"width\":489,\"height\":200,\"caption\":\"Teasio\"},\"image\":{\"@id\":\"https:\/\/teasio.com\/#logo\"}},{\"@type\":\"WebSite\",\"@id\":\"https:\/\/teasio.com\/#website\",\"url\":\"https:\/\/teasio.com\/\",\"name\":\"Teasio\",\"description\":\"\",\"publisher\":{\"@id\":\"https:\/\/teasio.com\/#organization\"},\"potentialAction\":[{\"@type\":\"SearchAction\",\"target\":{\"@type\":\"EntryPoint\",\"urlTemplate\":\"https:\/\/teasio.com\/?s={search_term_string}\"},\"query-input\":\"required name=search_term_string\"}],\"inLanguage\":\"es\"},{\"@type\":\"ImageObject\",\"@id\":\"https:\/\/teasio.com\/aide-exportation-entrepreneurs\/#primaryimage\",\"inLanguage\":\"es\",\"url\":\"https:\/\/teasio.com\/wp-content\/uploads\/2022\/05\/owin-header.jpg\",\"contentUrl\":\"https:\/\/teasio.com\/wp-content\/uploads\/2022\/05\/owin-header.jpg\",\"width\":2000,\"height\":701},{\"@type\":\"WebPage\",\"@id\":\"https:\/\/teasio.com\/aide-exportation-entrepreneurs\/#webpage\",\"url\":\"https:\/\/teasio.com\/aide-exportation-entrepreneurs\/\",\"name\":\"Aide \u00e0 l\u2019exportation des entrepreneurs - Teasio\",\"isPartOf\":{\"@id\":\"https:\/\/teasio.com\/#website\"},\"primaryImageOfPage\":{\"@id\":\"https:\/\/teasio.com\/aide-exportation-entrepreneurs\/#primaryimage\"},\"datePublished\":\"2022-05-23T13:13:04+00:00\",\"dateModified\":\"2025-11-24T13:02:12+00:00\",\"description\":\"Plateforme de collaboration pour faciliter la communication entre ses diff\u00e9rents acteurs et la gestion des missions, que celles-ci se passent en Belgique, en Australie, aux \u00c9tats-Unis ou en Chine.\",\"breadcrumb\":{\"@id\":\"https:\/\/teasio.com\/aide-exportation-entrepreneurs\/#breadcrumb\"},\"inLanguage\":\"es\",\"potentialAction\":[{\"@type\":\"ReadAction\",\"target\":[\"https:\/\/teasio.com\/aide-exportation-entrepreneurs\/\"]}]},{\"@type\":\"BreadcrumbList\",\"@id\":\"https:\/\/teasio.com\/aide-exportation-entrepreneurs\/#breadcrumb\",\"itemListElement\":[{\"@type\":\"ListItem\",\"position\":1,\"name\":\"Accueil\",\"item\":\"https:\/\/teasio.com\/\"},{\"@type\":\"ListItem\",\"position\":2,\"name\":\"Cas Clients &#8211; Owin\"}]}]}<\/script>\n<!-- \/ Yoast SEO Premium plugin. -->","yoast_head_json":{"title":"Aide \u00e0 l\u2019exportation des entrepreneurs - Teasio","description":"Plateforme de collaboration pour faciliter la communication entre ses diff\u00e9rents acteurs et la gestion des missions, que celles-ci se passent en Belgique, en Australie, aux \u00c9tats-Unis ou en Chine.","robots":{"index":"index","follow":"follow","max-snippet":"max-snippet:-1","max-image-preview":"max-image-preview:large","max-video-preview":"max-video-preview:-1"},"canonical":"https:\/\/teasio.com\/es\/aide-exportation-entrepreneurs\/","og_locale":"es_ES","og_type":"article","og_title":"Cas Clients - Owin | Aide \u00e0 l\u2019exportation des entrepreneurs","og_description":"Teasio permet d'optimiser la gestion et le suivi de ses clients, deses partenaires et de ses projets \u00e0 l\u2019international","og_url":"https:\/\/teasio.com\/es\/aide-exportation-entrepreneurs\/","og_site_name":"Teasio","article_modified_time":"2025-11-24T13:02:12+00:00","og_image":[{"width":2000,"height":701,"url":"https:\/\/teasio.com\/wp-content\/uploads\/2022\/05\/owin-header.jpg","type":"image\/jpeg"}],"twitter_card":"summary","twitter_title":"Cas Clients - Owin | Aide \u00e0 l\u2019exportation des entrepreneurs","twitter_description":"Offrez \u00e0 vos clients une exp\u00e9rience unique en distanciel comme en pr\u00e9sentiel.Teasio permet d'optimiser la gestion et le suivi de ses clients, deses partenaires et de ses projets \u00e0 l\u2019international","schema":{"@context":"https:\/\/schema.org","@graph":[{"@type":"Organization","@id":"https:\/\/teasio.com\/#organization","name":"Teasio","url":"https:\/\/teasio.com\/","sameAs":["https:\/\/www.linkedin.com\/showcase\/teasio-coach"],"logo":{"@type":"ImageObject","@id":"https:\/\/teasio.com\/#logo","inLanguage":"es","url":"https:\/\/teasio.com\/wp-content\/uploads\/2021\/09\/logo-teasio-dark.png","contentUrl":"https:\/\/teasio.com\/wp-content\/uploads\/2021\/09\/logo-teasio-dark.png","width":489,"height":200,"caption":"Teasio"},"image":{"@id":"https:\/\/teasio.com\/#logo"}},{"@type":"WebSite","@id":"https:\/\/teasio.com\/#website","url":"https:\/\/teasio.com\/","name":"Teasio","description":"","publisher":{"@id":"https:\/\/teasio.com\/#organization"},"potentialAction":[{"@type":"SearchAction","target":{"@type":"EntryPoint","urlTemplate":"https:\/\/teasio.com\/?s={search_term_string}"},"query-input":"required name=search_term_string"}],"inLanguage":"es"},{"@type":"ImageObject","@id":"https:\/\/teasio.com\/aide-exportation-entrepreneurs\/#primaryimage","inLanguage":"es","url":"https:\/\/teasio.com\/wp-content\/uploads\/2022\/05\/owin-header.jpg","contentUrl":"https:\/\/teasio.com\/wp-content\/uploads\/2022\/05\/owin-header.jpg","width":2000,"height":701},{"@type":"WebPage","@id":"https:\/\/teasio.com\/aide-exportation-entrepreneurs\/#webpage","url":"https:\/\/teasio.com\/aide-exportation-entrepreneurs\/","name":"Aide \u00e0 l\u2019exportation des entrepreneurs - Teasio","isPartOf":{"@id":"https:\/\/teasio.com\/#website"},"primaryImageOfPage":{"@id":"https:\/\/teasio.com\/aide-exportation-entrepreneurs\/#primaryimage"},"datePublished":"2022-05-23T13:13:04+00:00","dateModified":"2025-11-24T13:02:12+00:00","description":"Plateforme de collaboration pour faciliter la communication entre ses diff\u00e9rents acteurs et la gestion des missions, que celles-ci se passent en Belgique, en Australie, aux \u00c9tats-Unis ou en Chine.","breadcrumb":{"@id":"https:\/\/teasio.com\/aide-exportation-entrepreneurs\/#breadcrumb"},"inLanguage":"es","potentialAction":[{"@type":"ReadAction","target":["https:\/\/teasio.com\/aide-exportation-entrepreneurs\/"]}]},{"@type":"BreadcrumbList","@id":"https:\/\/teasio.com\/aide-exportation-entrepreneurs\/#breadcrumb","itemListElement":[{"@type":"ListItem","position":1,"name":"Accueil","item":"https:\/\/teasio.com\/"},{"@type":"ListItem","position":2,"name":"Cas Clients &#8211; Owin"}]}]}},"_links":{"self":[{"href":"https:\/\/teasio.com\/es\/wp-json\/wp\/v2\/pages\/953"}],"collection":[{"href":"https:\/\/teasio.com\/es\/wp-json\/wp\/v2\/pages"}],"about":[{"href":"https:\/\/teasio.com\/es\/wp-json\/wp\/v2\/types\/page"}],"author":[{"embeddable":true,"href":"https:\/\/teasio.com\/es\/wp-json\/wp\/v2\/users\/1"}],"replies":[{"embeddable":true,"href":"https:\/\/teasio.com\/es\/wp-json\/wp\/v2\/comments?post=953"}],"version-history":[{"count":6,"href":"https:\/\/teasio.com\/es\/wp-json\/wp\/v2\/pages\/953\/revisions"}],"predecessor-version":[{"id":963,"href":"https:\/\/teasio.com\/es\/wp-json\/wp\/v2\/pages\/953\/revisions\/963"}],"wp:featuredmedia":[{"embeddable":true,"href":"https:\/\/teasio.com\/es\/wp-json\/wp\/v2\/media\/967"}],"wp:attachment":[{"href":"https:\/\/teasio.com\/es\/wp-json\/wp\/v2\/media?parent=953"}],"curies":[{"name":"wp","href":"https:\/\/api.w.org\/{rel}","templated":true}]}}