{"id":1561,"date":"2025-07-22T16:29:24","date_gmt":"2025-07-22T14:29:24","guid":{"rendered":"https:\/\/teasio.com\/?page_id=1561"},"modified":"2025-12-10T12:27:29","modified_gmt":"2025-12-10T10:27:29","slug":"accompagnement-collectivites","status":"publish","type":"page","link":"https:\/\/teasio.com\/es\/accompagnement-collectivites\/","title":{"rendered":"Collectivit\u00e9s &#038; municipalit\u00e9s"},"content":{"rendered":"","protected":false},"excerpt":{"rendered":"","protected":false},"author":1,"featured_media":1576,"parent":0,"menu_order":0,"comment_status":"closed","ping_status":"closed","template":"","meta":[],"yoast_head":"<!-- This site is optimized with the Yoast SEO Premium plugin v18.4 (Yoast SEO v18.6) - https:\/\/yoast.com\/wordpress\/plugins\/seo\/ -->\n<title>Teasio pour collectivit\u00e9s | Valorisez vos actions d\u2019accompagnement<\/title>\n<meta name=\"description\" content=\"Teasio vous aide \u00e0 structurer, suivre et valoriser vos actions d\u2019accompagnement. Une solution pens\u00e9e pour les collectivit\u00e9s et municipalit\u00e9s.\" \/>\n<meta name=\"robots\" content=\"index, follow, max-snippet:-1, max-image-preview:large, max-video-preview:-1\" \/>\n<link rel=\"canonical\" href=\"https:\/\/teasio.com\/es\/accompagnement-collectivites\/\" \/>\n<meta property=\"og:locale\" content=\"es_ES\" \/>\n<meta property=\"og:type\" content=\"article\" \/>\n<meta property=\"og:title\" content=\"Teasio \u2013 La solution digitale d\u2019accompagnement pour les collectivit\u00e9s\" \/>\n<meta property=\"og:description\" content=\"Centralisez vos accompagnements, suivez vos b\u00e9n\u00e9ficiaires, valorisez vos impacts. Teasio simplifie la gestion de vos actions locales.\" \/>\n<meta property=\"og:url\" content=\"https:\/\/teasio.com\/es\/accompagnement-collectivites\/\" \/>\n<meta property=\"og:site_name\" content=\"Teasio\" \/>\n<meta property=\"article:modified_time\" content=\"2025-12-10T10:27:29+00:00\" \/>\n<meta property=\"og:image\" content=\"https:\/\/teasio.com\/wp-content\/uploads\/2025\/07\/collectivites-hero-\u2013-1-scaled.jpg\" \/>\n\t<meta property=\"og:image:width\" content=\"2560\" \/>\n\t<meta property=\"og:image:height\" content=\"1043\" \/>\n\t<meta property=\"og:image:type\" content=\"image\/jpeg\" \/>\n<meta name=\"twitter:card\" content=\"summary\" \/>\n<meta name=\"twitter:title\" content=\"Teasio pour collectivit\u00e9s \u2013 Suivi, pilotage, impact terrain\" \/>\n<meta name=\"twitter:description\" content=\"Une plateforme con\u00e7ue pour les collectivit\u00e9s et municipalit\u00e9s : g\u00e9rez vos b\u00e9n\u00e9ficiaires, structurez vos accompagnements et suivez vos r\u00e9sultats en un seul endroit.\" \/>\n<script type=\"application\/ld+json\" class=\"yoast-schema-graph\">{\"@context\":\"https:\/\/schema.org\",\"@graph\":[{\"@type\":\"Organization\",\"@id\":\"https:\/\/teasio.com\/#organization\",\"name\":\"Teasio\",\"url\":\"https:\/\/teasio.com\/\",\"sameAs\":[\"https:\/\/www.linkedin.com\/showcase\/teasio-coach\"],\"logo\":{\"@type\":\"ImageObject\",\"@id\":\"https:\/\/teasio.com\/#logo\",\"inLanguage\":\"es\",\"url\":\"https:\/\/teasio.com\/wp-content\/uploads\/2021\/09\/logo-teasio-dark.png\",\"contentUrl\":\"https:\/\/teasio.com\/wp-content\/uploads\/2021\/09\/logo-teasio-dark.png\",\"width\":489,\"height\":200,\"caption\":\"Teasio\"},\"image\":{\"@id\":\"https:\/\/teasio.com\/#logo\"}},{\"@type\":\"WebSite\",\"@id\":\"https:\/\/teasio.com\/#website\",\"url\":\"https:\/\/teasio.com\/\",\"name\":\"Teasio\",\"description\":\"\",\"publisher\":{\"@id\":\"https:\/\/teasio.com\/#organization\"},\"potentialAction\":[{\"@type\":\"SearchAction\",\"target\":{\"@type\":\"EntryPoint\",\"urlTemplate\":\"https:\/\/teasio.com\/?s={search_term_string}\"},\"query-input\":\"required name=search_term_string\"}],\"inLanguage\":\"es\"},{\"@type\":\"ImageObject\",\"@id\":\"https:\/\/teasio.com\/accompagnement-collectivites\/#primaryimage\",\"inLanguage\":\"es\",\"url\":\"https:\/\/teasio.com\/wp-content\/uploads\/2025\/07\/collectivites-hero-\u2013-1-scaled.jpg\",\"contentUrl\":\"https:\/\/teasio.com\/wp-content\/uploads\/2025\/07\/collectivites-hero-\u2013-1-scaled.jpg\",\"width\":2560,\"height\":1043,\"caption\":\"Collectivit\u00e9 territoriale ou mairie\"},{\"@type\":\"WebPage\",\"@id\":\"https:\/\/teasio.com\/accompagnement-collectivites\/#webpage\",\"url\":\"https:\/\/teasio.com\/accompagnement-collectivites\/\",\"name\":\"Teasio pour collectivit\u00e9s | Valorisez vos actions d\u2019accompagnement\",\"isPartOf\":{\"@id\":\"https:\/\/teasio.com\/#website\"},\"primaryImageOfPage\":{\"@id\":\"https:\/\/teasio.com\/accompagnement-collectivites\/#primaryimage\"},\"datePublished\":\"2025-07-22T14:29:24+00:00\",\"dateModified\":\"2025-12-10T10:27:29+00:00\",\"description\":\"Teasio vous aide \u00e0 structurer, suivre et valoriser vos actions d\u2019accompagnement. Une solution pens\u00e9e pour les collectivit\u00e9s et municipalit\u00e9s.\",\"breadcrumb\":{\"@id\":\"https:\/\/teasio.com\/accompagnement-collectivites\/#breadcrumb\"},\"inLanguage\":\"es\",\"potentialAction\":[{\"@type\":\"ReadAction\",\"target\":[\"https:\/\/teasio.com\/accompagnement-collectivites\/\"]}]},{\"@type\":\"BreadcrumbList\",\"@id\":\"https:\/\/teasio.com\/accompagnement-collectivites\/#breadcrumb\",\"itemListElement\":[{\"@type\":\"ListItem\",\"position\":1,\"name\":\"Accueil\",\"item\":\"https:\/\/teasio.com\/\"},{\"@type\":\"ListItem\",\"position\":2,\"name\":\"Collectivit\u00e9s &#038; municipalit\u00e9s\"}]}]}<\/script>\n<!-- \/ Yoast SEO Premium plugin. -->","yoast_head_json":{"title":"Teasio pour collectivit\u00e9s | Valorisez vos actions d\u2019accompagnement","description":"Teasio vous aide \u00e0 structurer, suivre et valoriser vos actions d\u2019accompagnement. Une solution pens\u00e9e pour les collectivit\u00e9s et municipalit\u00e9s.","robots":{"index":"index","follow":"follow","max-snippet":"max-snippet:-1","max-image-preview":"max-image-preview:large","max-video-preview":"max-video-preview:-1"},"canonical":"https:\/\/teasio.com\/es\/accompagnement-collectivites\/","og_locale":"es_ES","og_type":"article","og_title":"Teasio \u2013 La solution digitale d\u2019accompagnement pour les collectivit\u00e9s","og_description":"Centralisez vos accompagnements, suivez vos b\u00e9n\u00e9ficiaires, valorisez vos impacts. Teasio simplifie la gestion de vos actions locales.","og_url":"https:\/\/teasio.com\/es\/accompagnement-collectivites\/","og_site_name":"Teasio","article_modified_time":"2025-12-10T10:27:29+00:00","og_image":[{"width":2560,"height":1043,"url":"https:\/\/teasio.com\/wp-content\/uploads\/2025\/07\/collectivites-hero-\u2013-1-scaled.jpg","type":"image\/jpeg"}],"twitter_card":"summary","twitter_title":"Teasio pour collectivit\u00e9s \u2013 Suivi, pilotage, impact terrain","twitter_description":"Une plateforme con\u00e7ue pour les collectivit\u00e9s et municipalit\u00e9s : g\u00e9rez vos b\u00e9n\u00e9ficiaires, structurez vos accompagnements et suivez vos r\u00e9sultats en un seul endroit.","schema":{"@context":"https:\/\/schema.org","@graph":[{"@type":"Organization","@id":"https:\/\/teasio.com\/#organization","name":"Teasio","url":"https:\/\/teasio.com\/","sameAs":["https:\/\/www.linkedin.com\/showcase\/teasio-coach"],"logo":{"@type":"ImageObject","@id":"https:\/\/teasio.com\/#logo","inLanguage":"es","url":"https:\/\/teasio.com\/wp-content\/uploads\/2021\/09\/logo-teasio-dark.png","contentUrl":"https:\/\/teasio.com\/wp-content\/uploads\/2021\/09\/logo-teasio-dark.png","width":489,"height":200,"caption":"Teasio"},"image":{"@id":"https:\/\/teasio.com\/#logo"}},{"@type":"WebSite","@id":"https:\/\/teasio.com\/#website","url":"https:\/\/teasio.com\/","name":"Teasio","description":"","publisher":{"@id":"https:\/\/teasio.com\/#organization"},"potentialAction":[{"@type":"SearchAction","target":{"@type":"EntryPoint","urlTemplate":"https:\/\/teasio.com\/?s={search_term_string}"},"query-input":"required name=search_term_string"}],"inLanguage":"es"},{"@type":"ImageObject","@id":"https:\/\/teasio.com\/accompagnement-collectivites\/#primaryimage","inLanguage":"es","url":"https:\/\/teasio.com\/wp-content\/uploads\/2025\/07\/collectivites-hero-\u2013-1-scaled.jpg","contentUrl":"https:\/\/teasio.com\/wp-content\/uploads\/2025\/07\/collectivites-hero-\u2013-1-scaled.jpg","width":2560,"height":1043,"caption":"Collectivit\u00e9 territoriale ou mairie"},{"@type":"WebPage","@id":"https:\/\/teasio.com\/accompagnement-collectivites\/#webpage","url":"https:\/\/teasio.com\/accompagnement-collectivites\/","name":"Teasio pour collectivit\u00e9s | Valorisez vos actions d\u2019accompagnement","isPartOf":{"@id":"https:\/\/teasio.com\/#website"},"primaryImageOfPage":{"@id":"https:\/\/teasio.com\/accompagnement-collectivites\/#primaryimage"},"datePublished":"2025-07-22T14:29:24+00:00","dateModified":"2025-12-10T10:27:29+00:00","description":"Teasio vous aide \u00e0 structurer, suivre et valoriser vos actions d\u2019accompagnement. Une solution pens\u00e9e pour les collectivit\u00e9s et municipalit\u00e9s.","breadcrumb":{"@id":"https:\/\/teasio.com\/accompagnement-collectivites\/#breadcrumb"},"inLanguage":"es","potentialAction":[{"@type":"ReadAction","target":["https:\/\/teasio.com\/accompagnement-collectivites\/"]}]},{"@type":"BreadcrumbList","@id":"https:\/\/teasio.com\/accompagnement-collectivites\/#breadcrumb","itemListElement":[{"@type":"ListItem","position":1,"name":"Accueil","item":"https:\/\/teasio.com\/"},{"@type":"ListItem","position":2,"name":"Collectivit\u00e9s &#038; municipalit\u00e9s"}]}]}},"_links":{"self":[{"href":"https:\/\/teasio.com\/es\/wp-json\/wp\/v2\/pages\/1561"}],"collection":[{"href":"https:\/\/teasio.com\/es\/wp-json\/wp\/v2\/pages"}],"about":[{"href":"https:\/\/teasio.com\/es\/wp-json\/wp\/v2\/types\/page"}],"author":[{"embeddable":true,"href":"https:\/\/teasio.com\/es\/wp-json\/wp\/v2\/users\/1"}],"replies":[{"embeddable":true,"href":"https:\/\/teasio.com\/es\/wp-json\/wp\/v2\/comments?post=1561"}],"version-history":[{"count":3,"href":"https:\/\/teasio.com\/es\/wp-json\/wp\/v2\/pages\/1561\/revisions"}],"predecessor-version":[{"id":1579,"href":"https:\/\/teasio.com\/es\/wp-json\/wp\/v2\/pages\/1561\/revisions\/1579"}],"wp:featuredmedia":[{"embeddable":true,"href":"https:\/\/teasio.com\/es\/wp-json\/wp\/v2\/media\/1576"}],"wp:attachment":[{"href":"https:\/\/teasio.com\/es\/wp-json\/wp\/v2\/media?parent=1561"}],"curies":[{"name":"wp","href":"https:\/\/api.w.org\/{rel}","templated":true}]}}