{"id":622,"date":"2021-09-03T12:54:10","date_gmt":"2021-09-03T10:54:10","guid":{"rendered":"https:\/\/teasio.com\/?page_id=622"},"modified":"2025-11-24T15:02:21","modified_gmt":"2025-11-24T13:02:21","slug":"accompagnement-formation-managerial","status":"publish","type":"page","link":"https:\/\/teasio.com\/en\/accompagnement-formation-managerial\/","title":{"rendered":"Client Case - The Shaker Company"},"content":{"rendered":"<h2 id=\"h-the-shaker-company\"><a href=\"https:\/\/theshakercompany.com\/\">The Shaker Company<\/a><\/h2>\n\n\n\n<p>Accompagnements et formations manag\u00e9riales<\/p>\n\n\n\n<p>ACTIVIT\u00c9 : L\u2019accompagnement de leaders dans leurs phases de transition ou de transformation de carri\u00e8re.<\/p>\n\n\n\n<p>MISSION : Accompagner les leaders \u00e0 \u00e9voluer vers des organisations r\u00e9silientes et enthousiasmantes, o\u00f9 chacun trouve sa juste place.<\/p>\n\n\n\n<p>CAS D&rsquo;UTILISATION : L\u2019accompagnement manag\u00e9rial<\/p>\n\n\n\n<p>\u201cThanks to Teasio, we have solidified our methodology and reinforced the uniqueness of our approach. \u201d<\/p>\n\n\n\n<p>Ludovic Hacopian, The Shaker Company<\/p>\n\n\n\n<figure class=\"wp-block-image size-full\"><img loading=\"lazy\" width=\"464\" height=\"485\" src=\"https:\/\/teasio.com\/wp-content\/uploads\/2021\/08\/ludovic-hacopian-1.png\" alt=\"Accompagnements et formations manag\u00e9riales\" class=\"wp-image-420\" srcset=\"https:\/\/teasio.com\/wp-content\/uploads\/2021\/08\/ludovic-hacopian-1.png 464w, https:\/\/teasio.com\/wp-content\/uploads\/2021\/08\/ludovic-hacopian-1-287x300.png 287w, https:\/\/teasio.com\/wp-content\/uploads\/2021\/08\/ludovic-hacopian-1-140x146.png 140w, https:\/\/teasio.com\/wp-content\/uploads\/2021\/08\/ludovic-hacopian-1-48x50.png 48w, https:\/\/teasio.com\/wp-content\/uploads\/2021\/08\/ludovic-hacopian-1-72x75.png 72w\" sizes=\"(max-width: 464px) 100vw, 464px\" \/><\/figure>\n\n\n\n<h3>The challenge<\/h3>\n\n\n\n<p>The Shaker Company was looking for a digital platform that would allow them to offer their coaching services remotely. They had two options: develop an in-house platform, which would have required them to hire new employees and invest considerable amounts of money, or find a web platform that meets their needs and can easily be integrated into their tools.<\/p>\n\n\n\n<h3>The solution <\/h3>\n\n\n\n<p>Teasio appeared to be the easiest and most obvious solution. The e-coaching platform allowed them to offer the same things as the big competing companies without having to make too large an IT investment. Teasio offered them the necessary tools to be able to adapt their content to digital and offer their services remotely, without ever straying from the human aspect.<\/p>\n\n\n\n<p>The two key elements that appealed to The Shaker Company are the tailor-made courses for coachees and the management of coaching sessions for coaches. As well as documents, processes, tool sheets, etc. being made available to coachees.<\/p>\n\n\n\n<h3>Le r\u00e9sultat d&rsquo;un accompagnements et formations manag\u00e9riales<\/h3>\n\n\n\n<p>Teasio has enabled The Shaker Company to solidify its methodology and enhance its offering. The concept of the step programme proposed by Teasio has helped them to materialize their practices and strengthen their approach, both face-to-face and remotely.<\/p>\n\n\n\n<p>The use of Teasio has also become an important selling point for their customers. Indeed, Teasio makes coaching tangible and provides a deliverable at the end of the sessions. Everything is confidential in coaching. So it's not easy to keep a record of it. With Teasio, the client can log in and have access to all the information processed, both during and after the coaching programme.<\/p>\n\n\n\n<h2>Would you like to talk about it?<\/h2>\n\n\n\n<p>Parlez-nous de vous et profitez d\u2019une d\u00e9mo personnalis\u00e9e par l\u2019un de nos experts pour d\u00e9couvrir notre produit. Sans aucun engagement.<\/p>\n\n\n\n<p>Co<a href=\"https:\/\/teasio.com\/en\/contact-demo-accompagnement\/\">ntactez-nous pour une d\u00e9mo<\/a><\/p>\n\n\n\n<p>Notre mission est d&rsquo;enrichir vos accompagnements en distanciel comme en pr\u00e9sentiel.<\/p>\n\n\n\n<h4>Our offices<\/h4>\n\n\n\n<p>Chauss\u00e9e de Marenne, 148<br>6900 Marche-en-Famenne<br>Belgium<\/p>\n\n\n\n<p>41 rue du Rocher<br>75008 Paris<br>France<a href=\"https:\/\/teasio.com\/wp-content\/uploads\/2021\/09\/2021-09-07-App-And-Web-Privacy-notice-FR.pdf\" target=\"_blank\" rel=\"noreferrer noopener\">Right to privacy<\/a><br><a href=\"https:\/\/teasio.com\/wp-content\/uploads\/2021\/09\/20210907-App-and-Web-CGU-FR.pdf\" target=\"_blank\" rel=\"noreferrer noopener\">General Conditions of Use<\/a><a href=\"https:\/\/teasio.com\/wp-content\/uploads\/2022\/01\/AppWeb_CGV_FR.pdf\" target=\"_blank\" rel=\"noreferrer noopener\">General condition of sale<\/a><\/p>\n\n\n\n<h4>Contact us<\/h4>\n\n\n\n<p><a href=\"tel: 32 478 75 49 23\">+32 (0)478 75 49 23<\/a><\/p>\n\n\n\n<h4>Follow us<\/h4>\n\n\n\n<figure class=\"wp-block-image\"><a href=\"https:\/\/www.linkedin.com\/showcase\/teasio-coach\" target=\"_blank\" rel=\"noreferrer noopener\"><img src=\"https:\/\/teasio.com\/wp-content\/uploads\/2021\/08\/icon-linkedin@2x.png\" alt=\"\"\/><\/a><\/figure>\n\n\n\n<figure class=\"wp-block-image\"><a href=\"https:\/\/www.facebook.com\/Teasio\" target=\"_blank\" rel=\"noreferrer noopener\"><img src=\"https:\/\/teasio.com\/wp-content\/uploads\/2021\/08\/icon-facebook@2x.png\" alt=\"\"\/><\/a><\/figure>","protected":false},"excerpt":{"rendered":"<p>The Shaker Company Accompagnements et formations manag\u00e9riales ACTIVIT\u00c9 : L\u2019accompagnement de leaders dans leurs phases de transition ou de transformation de carri\u00e8re. MISSION : Accompagner les<span class=\"excerpt-hellip\"> [\u2026]<\/span><\/p>","protected":false},"author":1,"featured_media":0,"parent":0,"menu_order":0,"comment_status":"closed","ping_status":"closed","template":"","meta":[],"yoast_head":"<!-- This site is optimized with the Yoast SEO Premium plugin v18.4 (Yoast SEO v18.6) - https:\/\/yoast.com\/wordpress\/plugins\/seo\/ -->\n<title>Accompagnements et formations manag\u00e9riales - Teasio<\/title>\n<meta name=\"description\" content=\"Accompagnements et formations manag\u00e9riales. Teasio a permis \u00e0 The Shaker Company de solidifier sa m\u00e9thodologie et d\u2019enrichir son offre.\" \/>\n<meta name=\"robots\" content=\"index, follow, max-snippet:-1, max-image-preview:large, max-video-preview:-1\" \/>\n<link rel=\"canonical\" href=\"https:\/\/teasio.com\/en\/accompagnement-formation-managerial\/\" \/>\n<meta property=\"og:locale\" content=\"en_US\" \/>\n<meta property=\"og:type\" content=\"article\" \/>\n<meta property=\"og:title\" content=\"Cas Clients - The Shaker Company | Si proche de vous\" \/>\n<meta property=\"og:description\" content=\"Offrez \u00e0 vos clients une exp\u00e9rience unique en distanciel comme en pr\u00e9sentiel.\" \/>\n<meta property=\"og:url\" content=\"https:\/\/teasio.com\/en\/accompagnement-formation-managerial\/\" \/>\n<meta property=\"og:site_name\" content=\"Teasio\" \/>\n<meta property=\"article:modified_time\" content=\"2025-11-24T13:02:21+00:00\" \/>\n<meta property=\"og:image\" content=\"https:\/\/teasio.com\/wp-content\/uploads\/2021\/08\/ludovic-hacopian-1.png\" \/>\n<meta name=\"twitter:card\" content=\"summary\" \/>\n<meta name=\"twitter:label1\" content=\"Est. reading time\" \/>\n\t<meta name=\"twitter:data1\" content=\"3 minutes\" \/>\n<script type=\"application\/ld+json\" class=\"yoast-schema-graph\">{\"@context\":\"https:\/\/schema.org\",\"@graph\":[{\"@type\":\"Organization\",\"@id\":\"https:\/\/teasio.com\/#organization\",\"name\":\"Teasio\",\"url\":\"https:\/\/teasio.com\/\",\"sameAs\":[\"https:\/\/www.linkedin.com\/showcase\/teasio-coach\"],\"logo\":{\"@type\":\"ImageObject\",\"@id\":\"https:\/\/teasio.com\/#logo\",\"inLanguage\":\"en-US\",\"url\":\"https:\/\/teasio.com\/wp-content\/uploads\/2021\/09\/logo-teasio-dark.png\",\"contentUrl\":\"https:\/\/teasio.com\/wp-content\/uploads\/2021\/09\/logo-teasio-dark.png\",\"width\":489,\"height\":200,\"caption\":\"Teasio\"},\"image\":{\"@id\":\"https:\/\/teasio.com\/#logo\"}},{\"@type\":\"WebSite\",\"@id\":\"https:\/\/teasio.com\/#website\",\"url\":\"https:\/\/teasio.com\/\",\"name\":\"Teasio\",\"description\":\"\",\"publisher\":{\"@id\":\"https:\/\/teasio.com\/#organization\"},\"potentialAction\":[{\"@type\":\"SearchAction\",\"target\":{\"@type\":\"EntryPoint\",\"urlTemplate\":\"https:\/\/teasio.com\/?s={search_term_string}\"},\"query-input\":\"required name=search_term_string\"}],\"inLanguage\":\"en-US\"},{\"@type\":\"ImageObject\",\"@id\":\"https:\/\/teasio.com\/accompagnement-formation-managerial\/#primaryimage\",\"inLanguage\":\"en-US\",\"url\":\"https:\/\/teasio.com\/wp-content\/uploads\/2021\/08\/ludovic-hacopian-1.png\",\"contentUrl\":\"https:\/\/teasio.com\/wp-content\/uploads\/2021\/08\/ludovic-hacopian-1.png\",\"width\":464,\"height\":485,\"caption\":\"Ils nous font confiance\"},{\"@type\":\"WebPage\",\"@id\":\"https:\/\/teasio.com\/accompagnement-formation-managerial\/#webpage\",\"url\":\"https:\/\/teasio.com\/accompagnement-formation-managerial\/\",\"name\":\"Accompagnements et formations manag\u00e9riales - Teasio\",\"isPartOf\":{\"@id\":\"https:\/\/teasio.com\/#website\"},\"primaryImageOfPage\":{\"@id\":\"https:\/\/teasio.com\/accompagnement-formation-managerial\/#primaryimage\"},\"datePublished\":\"2021-09-03T10:54:10+00:00\",\"dateModified\":\"2025-11-24T13:02:21+00:00\",\"description\":\"Accompagnements et formations manag\u00e9riales. Teasio a permis \u00e0 The Shaker Company de solidifier sa m\u00e9thodologie et d\u2019enrichir son offre.\",\"breadcrumb\":{\"@id\":\"https:\/\/teasio.com\/accompagnement-formation-managerial\/#breadcrumb\"},\"inLanguage\":\"en-US\",\"potentialAction\":[{\"@type\":\"ReadAction\",\"target\":[\"https:\/\/teasio.com\/accompagnement-formation-managerial\/\"]}]},{\"@type\":\"BreadcrumbList\",\"@id\":\"https:\/\/teasio.com\/accompagnement-formation-managerial\/#breadcrumb\",\"itemListElement\":[{\"@type\":\"ListItem\",\"position\":1,\"name\":\"Accueil\",\"item\":\"https:\/\/teasio.com\/\"},{\"@type\":\"ListItem\",\"position\":2,\"name\":\"Cas Clients &#8211; The Shaker Company\"}]}]}<\/script>\n<!-- \/ Yoast SEO Premium plugin. -->","yoast_head_json":{"title":"Accompagnements et formations manag\u00e9riales - Teasio","description":"Accompagnements et formations manag\u00e9riales. Teasio a permis \u00e0 The Shaker Company de solidifier sa m\u00e9thodologie et d\u2019enrichir son offre.","robots":{"index":"index","follow":"follow","max-snippet":"max-snippet:-1","max-image-preview":"max-image-preview:large","max-video-preview":"max-video-preview:-1"},"canonical":"https:\/\/teasio.com\/en\/accompagnement-formation-managerial\/","og_locale":"en_US","og_type":"article","og_title":"Cas Clients - The Shaker Company | Si proche de vous","og_description":"Offrez \u00e0 vos clients une exp\u00e9rience unique en distanciel comme en pr\u00e9sentiel.","og_url":"https:\/\/teasio.com\/en\/accompagnement-formation-managerial\/","og_site_name":"Teasio","article_modified_time":"2025-11-24T13:02:21+00:00","og_image":[{"url":"https:\/\/teasio.com\/wp-content\/uploads\/2021\/08\/ludovic-hacopian-1.png"}],"twitter_card":"summary","twitter_misc":{"Est. reading time":"3 minutes"},"schema":{"@context":"https:\/\/schema.org","@graph":[{"@type":"Organization","@id":"https:\/\/teasio.com\/#organization","name":"Teasio","url":"https:\/\/teasio.com\/","sameAs":["https:\/\/www.linkedin.com\/showcase\/teasio-coach"],"logo":{"@type":"ImageObject","@id":"https:\/\/teasio.com\/#logo","inLanguage":"en-US","url":"https:\/\/teasio.com\/wp-content\/uploads\/2021\/09\/logo-teasio-dark.png","contentUrl":"https:\/\/teasio.com\/wp-content\/uploads\/2021\/09\/logo-teasio-dark.png","width":489,"height":200,"caption":"Teasio"},"image":{"@id":"https:\/\/teasio.com\/#logo"}},{"@type":"WebSite","@id":"https:\/\/teasio.com\/#website","url":"https:\/\/teasio.com\/","name":"Teasio","description":"","publisher":{"@id":"https:\/\/teasio.com\/#organization"},"potentialAction":[{"@type":"SearchAction","target":{"@type":"EntryPoint","urlTemplate":"https:\/\/teasio.com\/?s={search_term_string}"},"query-input":"required name=search_term_string"}],"inLanguage":"en-US"},{"@type":"ImageObject","@id":"https:\/\/teasio.com\/accompagnement-formation-managerial\/#primaryimage","inLanguage":"en-US","url":"https:\/\/teasio.com\/wp-content\/uploads\/2021\/08\/ludovic-hacopian-1.png","contentUrl":"https:\/\/teasio.com\/wp-content\/uploads\/2021\/08\/ludovic-hacopian-1.png","width":464,"height":485,"caption":"Ils nous font confiance"},{"@type":"WebPage","@id":"https:\/\/teasio.com\/accompagnement-formation-managerial\/#webpage","url":"https:\/\/teasio.com\/accompagnement-formation-managerial\/","name":"Accompagnements et formations manag\u00e9riales - Teasio","isPartOf":{"@id":"https:\/\/teasio.com\/#website"},"primaryImageOfPage":{"@id":"https:\/\/teasio.com\/accompagnement-formation-managerial\/#primaryimage"},"datePublished":"2021-09-03T10:54:10+00:00","dateModified":"2025-11-24T13:02:21+00:00","description":"Accompagnements et formations manag\u00e9riales. Teasio a permis \u00e0 The Shaker Company de solidifier sa m\u00e9thodologie et d\u2019enrichir son offre.","breadcrumb":{"@id":"https:\/\/teasio.com\/accompagnement-formation-managerial\/#breadcrumb"},"inLanguage":"en-US","potentialAction":[{"@type":"ReadAction","target":["https:\/\/teasio.com\/accompagnement-formation-managerial\/"]}]},{"@type":"BreadcrumbList","@id":"https:\/\/teasio.com\/accompagnement-formation-managerial\/#breadcrumb","itemListElement":[{"@type":"ListItem","position":1,"name":"Accueil","item":"https:\/\/teasio.com\/"},{"@type":"ListItem","position":2,"name":"Cas Clients &#8211; The Shaker Company"}]}]}},"_links":{"self":[{"href":"https:\/\/teasio.com\/en\/wp-json\/wp\/v2\/pages\/622"}],"collection":[{"href":"https:\/\/teasio.com\/en\/wp-json\/wp\/v2\/pages"}],"about":[{"href":"https:\/\/teasio.com\/en\/wp-json\/wp\/v2\/types\/page"}],"author":[{"embeddable":true,"href":"https:\/\/teasio.com\/en\/wp-json\/wp\/v2\/users\/1"}],"replies":[{"embeddable":true,"href":"https:\/\/teasio.com\/en\/wp-json\/wp\/v2\/comments?post=622"}],"version-history":[{"count":4,"href":"https:\/\/teasio.com\/en\/wp-json\/wp\/v2\/pages\/622\/revisions"}],"predecessor-version":[{"id":928,"href":"https:\/\/teasio.com\/en\/wp-json\/wp\/v2\/pages\/622\/revisions\/928"}],"wp:attachment":[{"href":"https:\/\/teasio.com\/en\/wp-json\/wp\/v2\/media?parent=622"}],"curies":[{"name":"wp","href":"https:\/\/api.w.org\/{rel}","templated":true}]}}