{"id":364,"date":"2021-08-18T10:11:20","date_gmt":"2021-08-18T08:11:20","guid":{"rendered":"https:\/\/teasio.com\/?page_id=364"},"modified":"2025-12-10T12:23:55","modified_gmt":"2025-12-10T10:23:55","slug":"pilotage-et-gestion-accompagnement","status":"publish","type":"page","link":"https:\/\/teasio.com\/en\/pilotage-et-gestion-accompagnement\/","title":{"rendered":"Manage and oversee your custom coaching"},"content":{"rendered":"<p><\/p>\n\n\n\n<p><\/p>","protected":false},"excerpt":{"rendered":"","protected":false},"author":1,"featured_media":0,"parent":0,"menu_order":0,"comment_status":"closed","ping_status":"closed","template":"","meta":[],"yoast_head":"<!-- This site is optimized with the Yoast SEO Premium plugin v18.4 (Yoast SEO v18.6) - https:\/\/yoast.com\/wordpress\/plugins\/seo\/ -->\n<title>Optimisez la gestion et centralisation de vos accompagnements - Teasio<\/title>\n<meta name=\"description\" content=\"Optimisez la gestion et centralisation de vos accompagnements : centralisez vos outils, consolidez votre m\u00e9thodologie.\" \/>\n<meta name=\"robots\" content=\"index, follow, max-snippet:-1, max-image-preview:large, max-video-preview:-1\" \/>\n<link rel=\"canonical\" href=\"https:\/\/teasio.com\/en\/pilotage-et-gestion-accompagnement\/\" \/>\n<meta property=\"og:locale\" content=\"en_US\" \/>\n<meta property=\"og:type\" content=\"article\" \/>\n<meta property=\"og:title\" content=\"Pilotez et g\u00e9rez vos accompagnements | Si proche de vous\" \/>\n<meta property=\"og:description\" content=\"Offrez \u00e0 vos clients une exp\u00e9rience unique en distanciel comme en pr\u00e9sentiel.\" \/>\n<meta property=\"og:url\" content=\"https:\/\/teasio.com\/en\/pilotage-et-gestion-accompagnement\/\" \/>\n<meta property=\"og:site_name\" content=\"Teasio\" \/>\n<meta property=\"article:modified_time\" content=\"2025-12-10T10:23:55+00:00\" \/>\n<meta property=\"og:image\" content=\"https:\/\/teasio.com\/wp-content\/uploads\/2021\/09\/opengraph.jpg\" \/>\n\t<meta property=\"og:image:width\" content=\"1200\" \/>\n\t<meta property=\"og:image:height\" content=\"630\" \/>\n\t<meta property=\"og:image:type\" content=\"image\/jpeg\" \/>\n<meta name=\"twitter:card\" content=\"summary\" \/>\n<script type=\"application\/ld+json\" class=\"yoast-schema-graph\">{\"@context\":\"https:\/\/schema.org\",\"@graph\":[{\"@type\":\"Organization\",\"@id\":\"https:\/\/teasio.com\/#organization\",\"name\":\"Teasio\",\"url\":\"https:\/\/teasio.com\/\",\"sameAs\":[\"https:\/\/www.linkedin.com\/showcase\/teasio-coach\"],\"logo\":{\"@type\":\"ImageObject\",\"@id\":\"https:\/\/teasio.com\/#logo\",\"inLanguage\":\"en-US\",\"url\":\"https:\/\/teasio.com\/wp-content\/uploads\/2021\/09\/logo-teasio-dark.png\",\"contentUrl\":\"https:\/\/teasio.com\/wp-content\/uploads\/2021\/09\/logo-teasio-dark.png\",\"width\":489,\"height\":200,\"caption\":\"Teasio\"},\"image\":{\"@id\":\"https:\/\/teasio.com\/#logo\"}},{\"@type\":\"WebSite\",\"@id\":\"https:\/\/teasio.com\/#website\",\"url\":\"https:\/\/teasio.com\/\",\"name\":\"Teasio\",\"description\":\"\",\"publisher\":{\"@id\":\"https:\/\/teasio.com\/#organization\"},\"potentialAction\":[{\"@type\":\"SearchAction\",\"target\":{\"@type\":\"EntryPoint\",\"urlTemplate\":\"https:\/\/teasio.com\/?s={search_term_string}\"},\"query-input\":\"required name=search_term_string\"}],\"inLanguage\":\"en-US\"},{\"@type\":\"WebPage\",\"@id\":\"https:\/\/teasio.com\/pilotage-et-gestion-accompagnement\/#webpage\",\"url\":\"https:\/\/teasio.com\/pilotage-et-gestion-accompagnement\/\",\"name\":\"Optimisez la gestion et centralisation de vos accompagnements - Teasio\",\"isPartOf\":{\"@id\":\"https:\/\/teasio.com\/#website\"},\"datePublished\":\"2021-08-18T08:11:20+00:00\",\"dateModified\":\"2025-12-10T10:23:55+00:00\",\"description\":\"Optimisez la gestion et centralisation de vos accompagnements : centralisez vos outils, consolidez votre m\u00e9thodologie.\",\"breadcrumb\":{\"@id\":\"https:\/\/teasio.com\/pilotage-et-gestion-accompagnement\/#breadcrumb\"},\"inLanguage\":\"en-US\",\"potentialAction\":[{\"@type\":\"ReadAction\",\"target\":[\"https:\/\/teasio.com\/pilotage-et-gestion-accompagnement\/\"]}]},{\"@type\":\"BreadcrumbList\",\"@id\":\"https:\/\/teasio.com\/pilotage-et-gestion-accompagnement\/#breadcrumb\",\"itemListElement\":[{\"@type\":\"ListItem\",\"position\":1,\"name\":\"Accueil\",\"item\":\"https:\/\/teasio.com\/\"},{\"@type\":\"ListItem\",\"position\":2,\"name\":\"Pilotez et g\u00e9rez vos accompagnements\"}]}]}<\/script>\n<!-- \/ Yoast SEO Premium plugin. -->","yoast_head_json":{"title":"Optimisez la gestion et centralisation de vos accompagnements - Teasio","description":"Optimisez la gestion et centralisation de vos accompagnements : centralisez vos outils, consolidez votre m\u00e9thodologie.","robots":{"index":"index","follow":"follow","max-snippet":"max-snippet:-1","max-image-preview":"max-image-preview:large","max-video-preview":"max-video-preview:-1"},"canonical":"https:\/\/teasio.com\/en\/pilotage-et-gestion-accompagnement\/","og_locale":"en_US","og_type":"article","og_title":"Pilotez et g\u00e9rez vos accompagnements | Si proche de vous","og_description":"Offrez \u00e0 vos clients une exp\u00e9rience unique en distanciel comme en pr\u00e9sentiel.","og_url":"https:\/\/teasio.com\/en\/pilotage-et-gestion-accompagnement\/","og_site_name":"Teasio","article_modified_time":"2025-12-10T10:23:55+00:00","og_image":[{"width":1200,"height":630,"url":"https:\/\/teasio.com\/wp-content\/uploads\/2021\/09\/opengraph.jpg","type":"image\/jpeg"}],"twitter_card":"summary","schema":{"@context":"https:\/\/schema.org","@graph":[{"@type":"Organization","@id":"https:\/\/teasio.com\/#organization","name":"Teasio","url":"https:\/\/teasio.com\/","sameAs":["https:\/\/www.linkedin.com\/showcase\/teasio-coach"],"logo":{"@type":"ImageObject","@id":"https:\/\/teasio.com\/#logo","inLanguage":"en-US","url":"https:\/\/teasio.com\/wp-content\/uploads\/2021\/09\/logo-teasio-dark.png","contentUrl":"https:\/\/teasio.com\/wp-content\/uploads\/2021\/09\/logo-teasio-dark.png","width":489,"height":200,"caption":"Teasio"},"image":{"@id":"https:\/\/teasio.com\/#logo"}},{"@type":"WebSite","@id":"https:\/\/teasio.com\/#website","url":"https:\/\/teasio.com\/","name":"Teasio","description":"","publisher":{"@id":"https:\/\/teasio.com\/#organization"},"potentialAction":[{"@type":"SearchAction","target":{"@type":"EntryPoint","urlTemplate":"https:\/\/teasio.com\/?s={search_term_string}"},"query-input":"required name=search_term_string"}],"inLanguage":"en-US"},{"@type":"WebPage","@id":"https:\/\/teasio.com\/pilotage-et-gestion-accompagnement\/#webpage","url":"https:\/\/teasio.com\/pilotage-et-gestion-accompagnement\/","name":"Optimisez la gestion et centralisation de vos accompagnements - Teasio","isPartOf":{"@id":"https:\/\/teasio.com\/#website"},"datePublished":"2021-08-18T08:11:20+00:00","dateModified":"2025-12-10T10:23:55+00:00","description":"Optimisez la gestion et centralisation de vos accompagnements : centralisez vos outils, consolidez votre m\u00e9thodologie.","breadcrumb":{"@id":"https:\/\/teasio.com\/pilotage-et-gestion-accompagnement\/#breadcrumb"},"inLanguage":"en-US","potentialAction":[{"@type":"ReadAction","target":["https:\/\/teasio.com\/pilotage-et-gestion-accompagnement\/"]}]},{"@type":"BreadcrumbList","@id":"https:\/\/teasio.com\/pilotage-et-gestion-accompagnement\/#breadcrumb","itemListElement":[{"@type":"ListItem","position":1,"name":"Accueil","item":"https:\/\/teasio.com\/"},{"@type":"ListItem","position":2,"name":"Pilotez et g\u00e9rez vos accompagnements"}]}]}},"_links":{"self":[{"href":"https:\/\/teasio.com\/en\/wp-json\/wp\/v2\/pages\/364"}],"collection":[{"href":"https:\/\/teasio.com\/en\/wp-json\/wp\/v2\/pages"}],"about":[{"href":"https:\/\/teasio.com\/en\/wp-json\/wp\/v2\/types\/page"}],"author":[{"embeddable":true,"href":"https:\/\/teasio.com\/en\/wp-json\/wp\/v2\/users\/1"}],"replies":[{"embeddable":true,"href":"https:\/\/teasio.com\/en\/wp-json\/wp\/v2\/comments?post=364"}],"version-history":[{"count":10,"href":"https:\/\/teasio.com\/en\/wp-json\/wp\/v2\/pages\/364\/revisions"}],"predecessor-version":[{"id":1827,"href":"https:\/\/teasio.com\/en\/wp-json\/wp\/v2\/pages\/364\/revisions\/1827"}],"wp:attachment":[{"href":"https:\/\/teasio.com\/en\/wp-json\/wp\/v2\/media?parent=364"}],"curies":[{"name":"wp","href":"https:\/\/api.w.org\/{rel}","templated":true}]}}