{"id":1611,"date":"2025-07-23T12:16:08","date_gmt":"2025-07-23T10:16:08","guid":{"rendered":"https:\/\/teasio.com\/?page_id=1611"},"modified":"2025-12-10T12:27:52","modified_gmt":"2025-12-10T10:27:52","slug":"accompagnement-interculturel-integration","status":"publish","type":"page","link":"https:\/\/teasio.com\/en\/accompagnement-interculturel-integration\/","title":{"rendered":"Avocats en immigration et cabinets sp\u00e9cialis\u00e9s"},"content":{"rendered":"","protected":false},"excerpt":{"rendered":"","protected":false},"author":1,"featured_media":1615,"parent":0,"menu_order":0,"comment_status":"closed","ping_status":"closed","template":"","meta":[],"yoast_head":"<!-- This site is optimized with the Yoast SEO Premium plugin v18.4 (Yoast SEO v18.6) - https:\/\/yoast.com\/wordpress\/plugins\/seo\/ -->\n<title>Teasio pour les services interculturels et l\u2019int\u00e9gration<\/title>\n<meta name=\"description\" content=\"Accompagnez les parcours d\u2019int\u00e9gration avec une plateforme pens\u00e9e pour les services interculturels.\" \/>\n<meta name=\"robots\" content=\"index, follow, max-snippet:-1, max-image-preview:large, max-video-preview:-1\" \/>\n<link rel=\"canonical\" href=\"https:\/\/teasio.com\/en\/accompagnement-interculturel-integration\/\" \/>\n<meta property=\"og:locale\" content=\"en_US\" \/>\n<meta property=\"og:type\" content=\"article\" \/>\n<meta property=\"og:title\" content=\"Un outil con\u00e7u pour les services interculturels et l\u2019int\u00e9gration \u2013 Teasio\" \/>\n<meta property=\"og:description\" content=\"Valorisez l\u2019impact de vos accompagnements, structurez vos d\u00e9marches et gagnez en fluidit\u00e9 avec une plateforme pens\u00e9e pour les contextes interculturels.\" \/>\n<meta property=\"og:url\" content=\"https:\/\/teasio.com\/en\/accompagnement-interculturel-integration\/\" \/>\n<meta property=\"og:site_name\" content=\"Teasio\" \/>\n<meta property=\"article:modified_time\" content=\"2025-12-10T10:27:52+00:00\" \/>\n<meta property=\"og:image\" content=\"https:\/\/teasio.com\/wp-content\/uploads\/2025\/07\/interculture-hero-scaled.jpg\" \/>\n\t<meta property=\"og:image:width\" content=\"2560\" \/>\n\t<meta property=\"og:image:height\" content=\"1043\" \/>\n\t<meta property=\"og:image:type\" content=\"image\/jpeg\" \/>\n<meta name=\"twitter:card\" content=\"summary\" \/>\n<meta name=\"twitter:title\" content=\"Teasio \u2013 La plateforme d\u00e9di\u00e9e aux services d\u2019int\u00e9gration et contextes interculturels\" \/>\n<meta name=\"twitter:description\" content=\"Unifiez le suivi, simplifiez la collaboration et soutenez vos \u00e9quipes au quotidien. Teasio s\u2019adapte aux besoins des acteurs de l\u2019int\u00e9gration.\" \/>\n<meta name=\"twitter:image\" content=\"https:\/\/teasio.com\/wp-content\/uploads\/2025\/07\/interculture-hero-scaled.jpg\" \/>\n<script type=\"application\/ld+json\" class=\"yoast-schema-graph\">{\"@context\":\"https:\/\/schema.org\",\"@graph\":[{\"@type\":\"Organization\",\"@id\":\"https:\/\/teasio.com\/#organization\",\"name\":\"Teasio\",\"url\":\"https:\/\/teasio.com\/\",\"sameAs\":[\"https:\/\/www.linkedin.com\/showcase\/teasio-coach\"],\"logo\":{\"@type\":\"ImageObject\",\"@id\":\"https:\/\/teasio.com\/#logo\",\"inLanguage\":\"en-US\",\"url\":\"https:\/\/teasio.com\/wp-content\/uploads\/2021\/09\/logo-teasio-dark.png\",\"contentUrl\":\"https:\/\/teasio.com\/wp-content\/uploads\/2021\/09\/logo-teasio-dark.png\",\"width\":489,\"height\":200,\"caption\":\"Teasio\"},\"image\":{\"@id\":\"https:\/\/teasio.com\/#logo\"}},{\"@type\":\"WebSite\",\"@id\":\"https:\/\/teasio.com\/#website\",\"url\":\"https:\/\/teasio.com\/\",\"name\":\"Teasio\",\"description\":\"\",\"publisher\":{\"@id\":\"https:\/\/teasio.com\/#organization\"},\"potentialAction\":[{\"@type\":\"SearchAction\",\"target\":{\"@type\":\"EntryPoint\",\"urlTemplate\":\"https:\/\/teasio.com\/?s={search_term_string}\"},\"query-input\":\"required name=search_term_string\"}],\"inLanguage\":\"en-US\"},{\"@type\":\"ImageObject\",\"@id\":\"https:\/\/teasio.com\/accompagnement-interculturel-integration\/#primaryimage\",\"inLanguage\":\"en-US\",\"url\":\"https:\/\/teasio.com\/wp-content\/uploads\/2025\/07\/interculture-hero-scaled.jpg\",\"contentUrl\":\"https:\/\/teasio.com\/wp-content\/uploads\/2025\/07\/interculture-hero-scaled.jpg\",\"width\":2560,\"height\":1043,\"caption\":\"Accompagnante interculturelle \u00e9changeant avec une personne nouvellement arriv\u00e9e\"},{\"@type\":\"WebPage\",\"@id\":\"https:\/\/teasio.com\/accompagnement-interculturel-integration\/#webpage\",\"url\":\"https:\/\/teasio.com\/accompagnement-interculturel-integration\/\",\"name\":\"Teasio pour les services interculturels et l\u2019int\u00e9gration\",\"isPartOf\":{\"@id\":\"https:\/\/teasio.com\/#website\"},\"primaryImageOfPage\":{\"@id\":\"https:\/\/teasio.com\/accompagnement-interculturel-integration\/#primaryimage\"},\"datePublished\":\"2025-07-23T10:16:08+00:00\",\"dateModified\":\"2025-12-10T10:27:52+00:00\",\"description\":\"Accompagnez les parcours d\u2019int\u00e9gration avec une plateforme pens\u00e9e pour les services interculturels.\",\"breadcrumb\":{\"@id\":\"https:\/\/teasio.com\/accompagnement-interculturel-integration\/#breadcrumb\"},\"inLanguage\":\"en-US\",\"potentialAction\":[{\"@type\":\"ReadAction\",\"target\":[\"https:\/\/teasio.com\/accompagnement-interculturel-integration\/\"]}]},{\"@type\":\"BreadcrumbList\",\"@id\":\"https:\/\/teasio.com\/accompagnement-interculturel-integration\/#breadcrumb\",\"itemListElement\":[{\"@type\":\"ListItem\",\"position\":1,\"name\":\"Accueil\",\"item\":\"https:\/\/teasio.com\/\"},{\"@type\":\"ListItem\",\"position\":2,\"name\":\"Avocats en immigration et cabinets sp\u00e9cialis\u00e9s\"}]}]}<\/script>\n<!-- \/ Yoast SEO Premium plugin. -->","yoast_head_json":{"title":"Teasio pour les services interculturels et l\u2019int\u00e9gration","description":"Accompagnez les parcours d\u2019int\u00e9gration avec une plateforme pens\u00e9e pour les services interculturels.","robots":{"index":"index","follow":"follow","max-snippet":"max-snippet:-1","max-image-preview":"max-image-preview:large","max-video-preview":"max-video-preview:-1"},"canonical":"https:\/\/teasio.com\/en\/accompagnement-interculturel-integration\/","og_locale":"en_US","og_type":"article","og_title":"Un outil con\u00e7u pour les services interculturels et l\u2019int\u00e9gration \u2013 Teasio","og_description":"Valorisez l\u2019impact de vos accompagnements, structurez vos d\u00e9marches et gagnez en fluidit\u00e9 avec une plateforme pens\u00e9e pour les contextes interculturels.","og_url":"https:\/\/teasio.com\/en\/accompagnement-interculturel-integration\/","og_site_name":"Teasio","article_modified_time":"2025-12-10T10:27:52+00:00","og_image":[{"width":2560,"height":1043,"url":"https:\/\/teasio.com\/wp-content\/uploads\/2025\/07\/interculture-hero-scaled.jpg","type":"image\/jpeg"}],"twitter_card":"summary","twitter_title":"Teasio \u2013 La plateforme d\u00e9di\u00e9e aux services d\u2019int\u00e9gration et contextes interculturels","twitter_description":"Unifiez le suivi, simplifiez la collaboration et soutenez vos \u00e9quipes au quotidien. Teasio s\u2019adapte aux besoins des acteurs de l\u2019int\u00e9gration.","twitter_image":"https:\/\/teasio.com\/wp-content\/uploads\/2025\/07\/interculture-hero-scaled.jpg","schema":{"@context":"https:\/\/schema.org","@graph":[{"@type":"Organization","@id":"https:\/\/teasio.com\/#organization","name":"Teasio","url":"https:\/\/teasio.com\/","sameAs":["https:\/\/www.linkedin.com\/showcase\/teasio-coach"],"logo":{"@type":"ImageObject","@id":"https:\/\/teasio.com\/#logo","inLanguage":"en-US","url":"https:\/\/teasio.com\/wp-content\/uploads\/2021\/09\/logo-teasio-dark.png","contentUrl":"https:\/\/teasio.com\/wp-content\/uploads\/2021\/09\/logo-teasio-dark.png","width":489,"height":200,"caption":"Teasio"},"image":{"@id":"https:\/\/teasio.com\/#logo"}},{"@type":"WebSite","@id":"https:\/\/teasio.com\/#website","url":"https:\/\/teasio.com\/","name":"Teasio","description":"","publisher":{"@id":"https:\/\/teasio.com\/#organization"},"potentialAction":[{"@type":"SearchAction","target":{"@type":"EntryPoint","urlTemplate":"https:\/\/teasio.com\/?s={search_term_string}"},"query-input":"required name=search_term_string"}],"inLanguage":"en-US"},{"@type":"ImageObject","@id":"https:\/\/teasio.com\/accompagnement-interculturel-integration\/#primaryimage","inLanguage":"en-US","url":"https:\/\/teasio.com\/wp-content\/uploads\/2025\/07\/interculture-hero-scaled.jpg","contentUrl":"https:\/\/teasio.com\/wp-content\/uploads\/2025\/07\/interculture-hero-scaled.jpg","width":2560,"height":1043,"caption":"Accompagnante interculturelle \u00e9changeant avec une personne nouvellement arriv\u00e9e"},{"@type":"WebPage","@id":"https:\/\/teasio.com\/accompagnement-interculturel-integration\/#webpage","url":"https:\/\/teasio.com\/accompagnement-interculturel-integration\/","name":"Teasio pour les services interculturels et l\u2019int\u00e9gration","isPartOf":{"@id":"https:\/\/teasio.com\/#website"},"primaryImageOfPage":{"@id":"https:\/\/teasio.com\/accompagnement-interculturel-integration\/#primaryimage"},"datePublished":"2025-07-23T10:16:08+00:00","dateModified":"2025-12-10T10:27:52+00:00","description":"Accompagnez les parcours d\u2019int\u00e9gration avec une plateforme pens\u00e9e pour les services interculturels.","breadcrumb":{"@id":"https:\/\/teasio.com\/accompagnement-interculturel-integration\/#breadcrumb"},"inLanguage":"en-US","potentialAction":[{"@type":"ReadAction","target":["https:\/\/teasio.com\/accompagnement-interculturel-integration\/"]}]},{"@type":"BreadcrumbList","@id":"https:\/\/teasio.com\/accompagnement-interculturel-integration\/#breadcrumb","itemListElement":[{"@type":"ListItem","position":1,"name":"Accueil","item":"https:\/\/teasio.com\/"},{"@type":"ListItem","position":2,"name":"Avocats en immigration et cabinets sp\u00e9cialis\u00e9s"}]}]}},"_links":{"self":[{"href":"https:\/\/teasio.com\/en\/wp-json\/wp\/v2\/pages\/1611"}],"collection":[{"href":"https:\/\/teasio.com\/en\/wp-json\/wp\/v2\/pages"}],"about":[{"href":"https:\/\/teasio.com\/en\/wp-json\/wp\/v2\/types\/page"}],"author":[{"embeddable":true,"href":"https:\/\/teasio.com\/en\/wp-json\/wp\/v2\/users\/1"}],"replies":[{"embeddable":true,"href":"https:\/\/teasio.com\/en\/wp-json\/wp\/v2\/comments?post=1611"}],"version-history":[{"count":2,"href":"https:\/\/teasio.com\/en\/wp-json\/wp\/v2\/pages\/1611\/revisions"}],"predecessor-version":[{"id":1932,"href":"https:\/\/teasio.com\/en\/wp-json\/wp\/v2\/pages\/1611\/revisions\/1932"}],"wp:featuredmedia":[{"embeddable":true,"href":"https:\/\/teasio.com\/en\/wp-json\/wp\/v2\/media\/1615"}],"wp:attachment":[{"href":"https:\/\/teasio.com\/en\/wp-json\/wp\/v2\/media?parent=1611"}],"curies":[{"name":"wp","href":"https:\/\/api.w.org\/{rel}","templated":true}]}}