{"id":1597,"date":"2025-07-23T10:52:47","date_gmt":"2025-07-23T08:52:47","guid":{"rendered":"https:\/\/teasio.com\/?page_id=1597"},"modified":"2025-12-10T12:28:16","modified_gmt":"2025-12-10T10:28:16","slug":"accompagnement-structures-psychosociales","status":"publish","type":"page","link":"https:\/\/teasio.com\/en\/accompagnement-structures-psychosociales\/","title":{"rendered":"Structures psychosociales &#038; associations"},"content":{"rendered":"","protected":false},"excerpt":{"rendered":"","protected":false},"author":1,"featured_media":1600,"parent":0,"menu_order":0,"comment_status":"closed","ping_status":"closed","template":"","meta":[],"yoast_head":"<!-- This site is optimized with the Yoast SEO Premium plugin v18.4 (Yoast SEO v18.6) - https:\/\/yoast.com\/wordpress\/plugins\/seo\/ -->\n<title>Plateforme d&#039;accompagnement pour structures psychosociales &amp; associations | Teasio<\/title>\n<meta name=\"description\" content=\"D\u00e9couvrez comment Teasio accompagne les structures psychosociales et les associations avec une plateforme flexible, simple et s\u00e9curis\u00e9e.\" \/>\n<meta name=\"robots\" content=\"index, follow, max-snippet:-1, max-image-preview:large, max-video-preview:-1\" \/>\n<link rel=\"canonical\" href=\"https:\/\/teasio.com\/en\/accompagnement-structures-psychosociales\/\" \/>\n<meta property=\"og:locale\" content=\"en_US\" \/>\n<meta property=\"og:type\" content=\"article\" \/>\n<meta property=\"og:title\" content=\"Une plateforme pens\u00e9e pour les structures psychosociales et les associations \u2013 Teasio\" \/>\n<meta property=\"og:description\" content=\"Simplifiez le suivi, la coordination et la valorisation de vos accompagnements avec un outil con\u00e7u pour les r\u00e9alit\u00e9s du terrain social.\" \/>\n<meta property=\"og:url\" content=\"https:\/\/teasio.com\/en\/accompagnement-structures-psychosociales\/\" \/>\n<meta property=\"og:site_name\" content=\"Teasio\" \/>\n<meta property=\"article:modified_time\" content=\"2025-12-10T10:28:16+00:00\" \/>\n<meta property=\"og:image\" content=\"https:\/\/teasio.com\/wp-content\/uploads\/2025\/07\/socio-hero-scaled.jpg\" \/>\n\t<meta property=\"og:image:width\" content=\"2560\" \/>\n\t<meta property=\"og:image:height\" content=\"718\" \/>\n\t<meta property=\"og:image:type\" content=\"image\/jpeg\" \/>\n<meta name=\"twitter:card\" content=\"summary\" \/>\n<meta name=\"twitter:title\" content=\"Structures psychosociales et associations : un outil \u00e0 la hauteur de vos missions \u2013 Teasio\" \/>\n<meta name=\"twitter:description\" content=\"Centralisez vos actions, valorisez vos impacts et simplifiez le quotidien de vos \u00e9quipes. Teasio, la plateforme des acteurs du social.\" \/>\n<meta name=\"twitter:image\" content=\"https:\/\/teasio.com\/wp-content\/uploads\/2025\/07\/socio-hero-scaled.jpg\" \/>\n<script type=\"application\/ld+json\" class=\"yoast-schema-graph\">{\"@context\":\"https:\/\/schema.org\",\"@graph\":[{\"@type\":\"Organization\",\"@id\":\"https:\/\/teasio.com\/#organization\",\"name\":\"Teasio\",\"url\":\"https:\/\/teasio.com\/\",\"sameAs\":[\"https:\/\/www.linkedin.com\/showcase\/teasio-coach\"],\"logo\":{\"@type\":\"ImageObject\",\"@id\":\"https:\/\/teasio.com\/#logo\",\"inLanguage\":\"en-US\",\"url\":\"https:\/\/teasio.com\/wp-content\/uploads\/2021\/09\/logo-teasio-dark.png\",\"contentUrl\":\"https:\/\/teasio.com\/wp-content\/uploads\/2021\/09\/logo-teasio-dark.png\",\"width\":489,\"height\":200,\"caption\":\"Teasio\"},\"image\":{\"@id\":\"https:\/\/teasio.com\/#logo\"}},{\"@type\":\"WebSite\",\"@id\":\"https:\/\/teasio.com\/#website\",\"url\":\"https:\/\/teasio.com\/\",\"name\":\"Teasio\",\"description\":\"\",\"publisher\":{\"@id\":\"https:\/\/teasio.com\/#organization\"},\"potentialAction\":[{\"@type\":\"SearchAction\",\"target\":{\"@type\":\"EntryPoint\",\"urlTemplate\":\"https:\/\/teasio.com\/?s={search_term_string}\"},\"query-input\":\"required name=search_term_string\"}],\"inLanguage\":\"en-US\"},{\"@type\":\"ImageObject\",\"@id\":\"https:\/\/teasio.com\/accompagnement-structures-psychosociales\/#primaryimage\",\"inLanguage\":\"en-US\",\"url\":\"https:\/\/teasio.com\/wp-content\/uploads\/2025\/07\/socio-hero-scaled.jpg\",\"contentUrl\":\"https:\/\/teasio.com\/wp-content\/uploads\/2025\/07\/socio-hero-scaled.jpg\",\"width\":2560,\"height\":718,\"caption\":\"Professionnelle du secteur psychosocial \u00e9changeant avec une personne accompagn\u00e9e\"},{\"@type\":\"WebPage\",\"@id\":\"https:\/\/teasio.com\/accompagnement-structures-psychosociales\/#webpage\",\"url\":\"https:\/\/teasio.com\/accompagnement-structures-psychosociales\/\",\"name\":\"Plateforme d'accompagnement pour structures psychosociales & associations | Teasio\",\"isPartOf\":{\"@id\":\"https:\/\/teasio.com\/#website\"},\"primaryImageOfPage\":{\"@id\":\"https:\/\/teasio.com\/accompagnement-structures-psychosociales\/#primaryimage\"},\"datePublished\":\"2025-07-23T08:52:47+00:00\",\"dateModified\":\"2025-12-10T10:28:16+00:00\",\"description\":\"D\u00e9couvrez comment Teasio accompagne les structures psychosociales et les associations avec une plateforme flexible, simple et s\u00e9curis\u00e9e.\",\"breadcrumb\":{\"@id\":\"https:\/\/teasio.com\/accompagnement-structures-psychosociales\/#breadcrumb\"},\"inLanguage\":\"en-US\",\"potentialAction\":[{\"@type\":\"ReadAction\",\"target\":[\"https:\/\/teasio.com\/accompagnement-structures-psychosociales\/\"]}]},{\"@type\":\"BreadcrumbList\",\"@id\":\"https:\/\/teasio.com\/accompagnement-structures-psychosociales\/#breadcrumb\",\"itemListElement\":[{\"@type\":\"ListItem\",\"position\":1,\"name\":\"Accueil\",\"item\":\"https:\/\/teasio.com\/\"},{\"@type\":\"ListItem\",\"position\":2,\"name\":\"Structures psychosociales &#038; associations\"}]}]}<\/script>\n<!-- \/ Yoast SEO Premium plugin. -->","yoast_head_json":{"title":"Plateforme d'accompagnement pour structures psychosociales & associations | Teasio","description":"D\u00e9couvrez comment Teasio accompagne les structures psychosociales et les associations avec une plateforme flexible, simple et s\u00e9curis\u00e9e.","robots":{"index":"index","follow":"follow","max-snippet":"max-snippet:-1","max-image-preview":"max-image-preview:large","max-video-preview":"max-video-preview:-1"},"canonical":"https:\/\/teasio.com\/en\/accompagnement-structures-psychosociales\/","og_locale":"en_US","og_type":"article","og_title":"Une plateforme pens\u00e9e pour les structures psychosociales et les associations \u2013 Teasio","og_description":"Simplifiez le suivi, la coordination et la valorisation de vos accompagnements avec un outil con\u00e7u pour les r\u00e9alit\u00e9s du terrain social.","og_url":"https:\/\/teasio.com\/en\/accompagnement-structures-psychosociales\/","og_site_name":"Teasio","article_modified_time":"2025-12-10T10:28:16+00:00","og_image":[{"width":2560,"height":718,"url":"https:\/\/teasio.com\/wp-content\/uploads\/2025\/07\/socio-hero-scaled.jpg","type":"image\/jpeg"}],"twitter_card":"summary","twitter_title":"Structures psychosociales et associations : un outil \u00e0 la hauteur de vos missions \u2013 Teasio","twitter_description":"Centralisez vos actions, valorisez vos impacts et simplifiez le quotidien de vos \u00e9quipes. Teasio, la plateforme des acteurs du social.","twitter_image":"https:\/\/teasio.com\/wp-content\/uploads\/2025\/07\/socio-hero-scaled.jpg","schema":{"@context":"https:\/\/schema.org","@graph":[{"@type":"Organization","@id":"https:\/\/teasio.com\/#organization","name":"Teasio","url":"https:\/\/teasio.com\/","sameAs":["https:\/\/www.linkedin.com\/showcase\/teasio-coach"],"logo":{"@type":"ImageObject","@id":"https:\/\/teasio.com\/#logo","inLanguage":"en-US","url":"https:\/\/teasio.com\/wp-content\/uploads\/2021\/09\/logo-teasio-dark.png","contentUrl":"https:\/\/teasio.com\/wp-content\/uploads\/2021\/09\/logo-teasio-dark.png","width":489,"height":200,"caption":"Teasio"},"image":{"@id":"https:\/\/teasio.com\/#logo"}},{"@type":"WebSite","@id":"https:\/\/teasio.com\/#website","url":"https:\/\/teasio.com\/","name":"Teasio","description":"","publisher":{"@id":"https:\/\/teasio.com\/#organization"},"potentialAction":[{"@type":"SearchAction","target":{"@type":"EntryPoint","urlTemplate":"https:\/\/teasio.com\/?s={search_term_string}"},"query-input":"required name=search_term_string"}],"inLanguage":"en-US"},{"@type":"ImageObject","@id":"https:\/\/teasio.com\/accompagnement-structures-psychosociales\/#primaryimage","inLanguage":"en-US","url":"https:\/\/teasio.com\/wp-content\/uploads\/2025\/07\/socio-hero-scaled.jpg","contentUrl":"https:\/\/teasio.com\/wp-content\/uploads\/2025\/07\/socio-hero-scaled.jpg","width":2560,"height":718,"caption":"Professionnelle du secteur psychosocial \u00e9changeant avec une personne accompagn\u00e9e"},{"@type":"WebPage","@id":"https:\/\/teasio.com\/accompagnement-structures-psychosociales\/#webpage","url":"https:\/\/teasio.com\/accompagnement-structures-psychosociales\/","name":"Plateforme d'accompagnement pour structures psychosociales & associations | Teasio","isPartOf":{"@id":"https:\/\/teasio.com\/#website"},"primaryImageOfPage":{"@id":"https:\/\/teasio.com\/accompagnement-structures-psychosociales\/#primaryimage"},"datePublished":"2025-07-23T08:52:47+00:00","dateModified":"2025-12-10T10:28:16+00:00","description":"D\u00e9couvrez comment Teasio accompagne les structures psychosociales et les associations avec une plateforme flexible, simple et s\u00e9curis\u00e9e.","breadcrumb":{"@id":"https:\/\/teasio.com\/accompagnement-structures-psychosociales\/#breadcrumb"},"inLanguage":"en-US","potentialAction":[{"@type":"ReadAction","target":["https:\/\/teasio.com\/accompagnement-structures-psychosociales\/"]}]},{"@type":"BreadcrumbList","@id":"https:\/\/teasio.com\/accompagnement-structures-psychosociales\/#breadcrumb","itemListElement":[{"@type":"ListItem","position":1,"name":"Accueil","item":"https:\/\/teasio.com\/"},{"@type":"ListItem","position":2,"name":"Structures psychosociales &#038; associations"}]}]}},"_links":{"self":[{"href":"https:\/\/teasio.com\/en\/wp-json\/wp\/v2\/pages\/1597"}],"collection":[{"href":"https:\/\/teasio.com\/en\/wp-json\/wp\/v2\/pages"}],"about":[{"href":"https:\/\/teasio.com\/en\/wp-json\/wp\/v2\/types\/page"}],"author":[{"embeddable":true,"href":"https:\/\/teasio.com\/en\/wp-json\/wp\/v2\/users\/1"}],"replies":[{"embeddable":true,"href":"https:\/\/teasio.com\/en\/wp-json\/wp\/v2\/comments?post=1597"}],"version-history":[{"count":1,"href":"https:\/\/teasio.com\/en\/wp-json\/wp\/v2\/pages\/1597\/revisions"}],"predecessor-version":[{"id":1598,"href":"https:\/\/teasio.com\/en\/wp-json\/wp\/v2\/pages\/1597\/revisions\/1598"}],"wp:featuredmedia":[{"embeddable":true,"href":"https:\/\/teasio.com\/en\/wp-json\/wp\/v2\/media\/1600"}],"wp:attachment":[{"href":"https:\/\/teasio.com\/en\/wp-json\/wp\/v2\/media?parent=1597"}],"curies":[{"name":"wp","href":"https:\/\/api.w.org\/{rel}","templated":true}]}}