{"id":1309,"date":"2025-04-30T11:52:52","date_gmt":"2025-04-30T09:52:52","guid":{"rendered":"https:\/\/teasio.com\/?page_id=1309"},"modified":"2025-11-24T15:36:15","modified_gmt":"2025-11-24T13:36:15","slug":"departement-ingenierie-pedagogique","status":"publish","type":"page","link":"https:\/\/teasio.com\/en\/departement-ingenierie-pedagogique\/","title":{"rendered":"Ing\u00e9nerie p\u00e9dagogique"},"content":{"rendered":"","protected":false},"excerpt":{"rendered":"","protected":false},"author":1,"featured_media":1340,"parent":0,"menu_order":0,"comment_status":"closed","ping_status":"closed","template":"","meta":[],"yoast_head":"<!-- This site is optimized with the Yoast SEO Premium plugin v18.4 (Yoast SEO v18.6) - https:\/\/yoast.com\/wordpress\/plugins\/seo\/ -->\n<title>Accompagnement p\u00e9dagogique digital sur-mesure | Teasio<\/title>\n<meta name=\"description\" content=\"Gagnez du temps avec l\u2019ing\u00e9nierie p\u00e9dagogique Teasio : des parcours pr\u00eats \u00e0 l\u2019emploi, un accompagnement expert et des outils interactifs.\" \/>\n<meta name=\"robots\" content=\"index, follow, max-snippet:-1, max-image-preview:large, max-video-preview:-1\" \/>\n<link rel=\"canonical\" href=\"https:\/\/teasio.com\/en\/departement-ingenierie-pedagogique\/\" \/>\n<meta property=\"og:locale\" content=\"en_US\" \/>\n<meta property=\"og:type\" content=\"article\" \/>\n<meta property=\"og:title\" content=\"Ing\u00e9nerie p\u00e9dagogique | Si proche de vous\" \/>\n<meta property=\"og:description\" content=\"Offrez \u00e0 vos clients une exp\u00e9rience unique en distanciel comme en pr\u00e9sentiel.\" \/>\n<meta property=\"og:url\" content=\"https:\/\/teasio.com\/en\/departement-ingenierie-pedagogique\/\" \/>\n<meta property=\"og:site_name\" content=\"Teasio\" \/>\n<meta property=\"article:modified_time\" content=\"2025-11-24T13:36:15+00:00\" \/>\n<meta property=\"og:image\" content=\"https:\/\/teasio.com\/wp-content\/uploads\/2025\/05\/memento-media-2pPw5Glro5I-unsplash-scaled.jpg\" \/>\n\t<meta property=\"og:image:width\" content=\"2560\" \/>\n\t<meta property=\"og:image:height\" content=\"1706\" \/>\n\t<meta property=\"og:image:type\" content=\"image\/jpeg\" \/>\n<meta name=\"twitter:card\" content=\"summary\" \/>\n<script type=\"application\/ld+json\" class=\"yoast-schema-graph\">{\"@context\":\"https:\/\/schema.org\",\"@graph\":[{\"@type\":\"Organization\",\"@id\":\"https:\/\/teasio.com\/#organization\",\"name\":\"Teasio\",\"url\":\"https:\/\/teasio.com\/\",\"sameAs\":[\"https:\/\/www.linkedin.com\/showcase\/teasio-coach\"],\"logo\":{\"@type\":\"ImageObject\",\"@id\":\"https:\/\/teasio.com\/#logo\",\"inLanguage\":\"en-US\",\"url\":\"https:\/\/teasio.com\/wp-content\/uploads\/2021\/09\/logo-teasio-dark.png\",\"contentUrl\":\"https:\/\/teasio.com\/wp-content\/uploads\/2021\/09\/logo-teasio-dark.png\",\"width\":489,\"height\":200,\"caption\":\"Teasio\"},\"image\":{\"@id\":\"https:\/\/teasio.com\/#logo\"}},{\"@type\":\"WebSite\",\"@id\":\"https:\/\/teasio.com\/#website\",\"url\":\"https:\/\/teasio.com\/\",\"name\":\"Teasio\",\"description\":\"\",\"publisher\":{\"@id\":\"https:\/\/teasio.com\/#organization\"},\"potentialAction\":[{\"@type\":\"SearchAction\",\"target\":{\"@type\":\"EntryPoint\",\"urlTemplate\":\"https:\/\/teasio.com\/?s={search_term_string}\"},\"query-input\":\"required name=search_term_string\"}],\"inLanguage\":\"en-US\"},{\"@type\":\"ImageObject\",\"@id\":\"https:\/\/teasio.com\/departement-ingenierie-pedagogique\/#primaryimage\",\"inLanguage\":\"en-US\",\"url\":\"https:\/\/teasio.com\/wp-content\/uploads\/2025\/05\/memento-media-2pPw5Glro5I-unsplash-scaled.jpg\",\"contentUrl\":\"https:\/\/teasio.com\/wp-content\/uploads\/2025\/05\/memento-media-2pPw5Glro5I-unsplash-scaled.jpg\",\"width\":2560,\"height\":1706},{\"@type\":\"WebPage\",\"@id\":\"https:\/\/teasio.com\/departement-ingenierie-pedagogique\/#webpage\",\"url\":\"https:\/\/teasio.com\/departement-ingenierie-pedagogique\/\",\"name\":\"Accompagnement p\u00e9dagogique digital sur-mesure | Teasio\",\"isPartOf\":{\"@id\":\"https:\/\/teasio.com\/#website\"},\"primaryImageOfPage\":{\"@id\":\"https:\/\/teasio.com\/departement-ingenierie-pedagogique\/#primaryimage\"},\"datePublished\":\"2025-04-30T09:52:52+00:00\",\"dateModified\":\"2025-11-24T13:36:15+00:00\",\"description\":\"Gagnez du temps avec l\u2019ing\u00e9nierie p\u00e9dagogique Teasio : des parcours pr\u00eats \u00e0 l\u2019emploi, un accompagnement expert et des outils interactifs.\",\"breadcrumb\":{\"@id\":\"https:\/\/teasio.com\/departement-ingenierie-pedagogique\/#breadcrumb\"},\"inLanguage\":\"en-US\",\"potentialAction\":[{\"@type\":\"ReadAction\",\"target\":[\"https:\/\/teasio.com\/departement-ingenierie-pedagogique\/\"]}]},{\"@type\":\"BreadcrumbList\",\"@id\":\"https:\/\/teasio.com\/departement-ingenierie-pedagogique\/#breadcrumb\",\"itemListElement\":[{\"@type\":\"ListItem\",\"position\":1,\"name\":\"Accueil\",\"item\":\"https:\/\/teasio.com\/\"},{\"@type\":\"ListItem\",\"position\":2,\"name\":\"Ing\u00e9nerie p\u00e9dagogique\"}]}]}<\/script>\n<!-- \/ Yoast SEO Premium plugin. -->","yoast_head_json":{"title":"Accompagnement p\u00e9dagogique digital sur-mesure | Teasio","description":"Gagnez du temps avec l\u2019ing\u00e9nierie p\u00e9dagogique Teasio : des parcours pr\u00eats \u00e0 l\u2019emploi, un accompagnement expert et des outils interactifs.","robots":{"index":"index","follow":"follow","max-snippet":"max-snippet:-1","max-image-preview":"max-image-preview:large","max-video-preview":"max-video-preview:-1"},"canonical":"https:\/\/teasio.com\/en\/departement-ingenierie-pedagogique\/","og_locale":"en_US","og_type":"article","og_title":"Ing\u00e9nerie p\u00e9dagogique | Si proche de vous","og_description":"Offrez \u00e0 vos clients une exp\u00e9rience unique en distanciel comme en pr\u00e9sentiel.","og_url":"https:\/\/teasio.com\/en\/departement-ingenierie-pedagogique\/","og_site_name":"Teasio","article_modified_time":"2025-11-24T13:36:15+00:00","og_image":[{"width":2560,"height":1706,"url":"https:\/\/teasio.com\/wp-content\/uploads\/2025\/05\/memento-media-2pPw5Glro5I-unsplash-scaled.jpg","type":"image\/jpeg"}],"twitter_card":"summary","schema":{"@context":"https:\/\/schema.org","@graph":[{"@type":"Organization","@id":"https:\/\/teasio.com\/#organization","name":"Teasio","url":"https:\/\/teasio.com\/","sameAs":["https:\/\/www.linkedin.com\/showcase\/teasio-coach"],"logo":{"@type":"ImageObject","@id":"https:\/\/teasio.com\/#logo","inLanguage":"en-US","url":"https:\/\/teasio.com\/wp-content\/uploads\/2021\/09\/logo-teasio-dark.png","contentUrl":"https:\/\/teasio.com\/wp-content\/uploads\/2021\/09\/logo-teasio-dark.png","width":489,"height":200,"caption":"Teasio"},"image":{"@id":"https:\/\/teasio.com\/#logo"}},{"@type":"WebSite","@id":"https:\/\/teasio.com\/#website","url":"https:\/\/teasio.com\/","name":"Teasio","description":"","publisher":{"@id":"https:\/\/teasio.com\/#organization"},"potentialAction":[{"@type":"SearchAction","target":{"@type":"EntryPoint","urlTemplate":"https:\/\/teasio.com\/?s={search_term_string}"},"query-input":"required name=search_term_string"}],"inLanguage":"en-US"},{"@type":"ImageObject","@id":"https:\/\/teasio.com\/departement-ingenierie-pedagogique\/#primaryimage","inLanguage":"en-US","url":"https:\/\/teasio.com\/wp-content\/uploads\/2025\/05\/memento-media-2pPw5Glro5I-unsplash-scaled.jpg","contentUrl":"https:\/\/teasio.com\/wp-content\/uploads\/2025\/05\/memento-media-2pPw5Glro5I-unsplash-scaled.jpg","width":2560,"height":1706},{"@type":"WebPage","@id":"https:\/\/teasio.com\/departement-ingenierie-pedagogique\/#webpage","url":"https:\/\/teasio.com\/departement-ingenierie-pedagogique\/","name":"Accompagnement p\u00e9dagogique digital sur-mesure | Teasio","isPartOf":{"@id":"https:\/\/teasio.com\/#website"},"primaryImageOfPage":{"@id":"https:\/\/teasio.com\/departement-ingenierie-pedagogique\/#primaryimage"},"datePublished":"2025-04-30T09:52:52+00:00","dateModified":"2025-11-24T13:36:15+00:00","description":"Gagnez du temps avec l\u2019ing\u00e9nierie p\u00e9dagogique Teasio : des parcours pr\u00eats \u00e0 l\u2019emploi, un accompagnement expert et des outils interactifs.","breadcrumb":{"@id":"https:\/\/teasio.com\/departement-ingenierie-pedagogique\/#breadcrumb"},"inLanguage":"en-US","potentialAction":[{"@type":"ReadAction","target":["https:\/\/teasio.com\/departement-ingenierie-pedagogique\/"]}]},{"@type":"BreadcrumbList","@id":"https:\/\/teasio.com\/departement-ingenierie-pedagogique\/#breadcrumb","itemListElement":[{"@type":"ListItem","position":1,"name":"Accueil","item":"https:\/\/teasio.com\/"},{"@type":"ListItem","position":2,"name":"Ing\u00e9nerie p\u00e9dagogique"}]}]}},"_links":{"self":[{"href":"https:\/\/teasio.com\/en\/wp-json\/wp\/v2\/pages\/1309"}],"collection":[{"href":"https:\/\/teasio.com\/en\/wp-json\/wp\/v2\/pages"}],"about":[{"href":"https:\/\/teasio.com\/en\/wp-json\/wp\/v2\/types\/page"}],"author":[{"embeddable":true,"href":"https:\/\/teasio.com\/en\/wp-json\/wp\/v2\/users\/1"}],"replies":[{"embeddable":true,"href":"https:\/\/teasio.com\/en\/wp-json\/wp\/v2\/comments?post=1309"}],"version-history":[{"count":3,"href":"https:\/\/teasio.com\/en\/wp-json\/wp\/v2\/pages\/1309\/revisions"}],"predecessor-version":[{"id":1342,"href":"https:\/\/teasio.com\/en\/wp-json\/wp\/v2\/pages\/1309\/revisions\/1342"}],"wp:featuredmedia":[{"embeddable":true,"href":"https:\/\/teasio.com\/en\/wp-json\/wp\/v2\/media\/1340"}],"wp:attachment":[{"href":"https:\/\/teasio.com\/en\/wp-json\/wp\/v2\/media?parent=1309"}],"curies":[{"name":"wp","href":"https:\/\/api.w.org\/{rel}","templated":true}]}}